{"id":8478,"date":"2024-11-30T08:10:41","date_gmt":"2024-11-30T08:10:41","guid":{"rendered":"https:\/\/upgrade.education\/?page_id=8478"},"modified":"2025-04-16T08:44:29","modified_gmt":"2025-04-16T06:44:29","slug":"event-registration-thank-you","status":"publish","type":"page","link":"https:\/\/upgrade.education\/ro\/event-registration-thank-you\/","title":{"rendered":"Event Registration Thank You"},"content":{"rendered":"<div data-elementor-type=\"wp-page\" data-elementor-id=\"8478\" class=\"elementor elementor-8478\" data-elementor-post-type=\"page\">\n\t\t\t\t<div class=\"elementor-element elementor-element-8808390 e-flex e-con-boxed e-con e-parent\" data-id=\"8808390\" data-element_type=\"container\" data-e-type=\"container\">\n\t\t\t\t\t<div class=\"e-con-inner\">\n\t\t<div class=\"elementor-element elementor-element-768e469 e-con-full e-flex e-con e-child\" data-id=\"768e469\" data-element_type=\"container\" data-e-type=\"container\" data-settings=\"{&quot;background_background&quot;:&quot;classic&quot;}\">\n\t\t\t\t<div class=\"elementor-element elementor-element-f586681 elementor-widget__width-initial elementor-widget elementor-widget-heading\" data-id=\"f586681\" data-element_type=\"widget\" data-e-type=\"widget\" data-widget_type=\"heading.default\">\n\t\t\t\t\t<h1 class=\"elementor-heading-title elementor-size-default\">Cererea ta a fost \u00eenregistrat\u0103 cu succes!<\/h1>\t\t\t\t<\/div>\n\t\t\t\t<div class=\"elementor-element elementor-element-78c75df elementor-widget__width-initial elementor-widget-tablet__width-initial elementor-widget elementor-widget-text-editor\" data-id=\"78c75df\" data-element_type=\"widget\" data-e-type=\"widget\" data-widget_type=\"text-editor.default\">\n\t\t\t\t\t\t\t\t\t<p class=\"p1\">Mul\u021bumim pentru \u00eenscriere. \u00cen cur\u00e2nd vei primi toate detaliile pe e-mail.&nbsp;<\/p>\t\t\t\t\t\t\t\t<\/div>\n\t\t<a class=\"elementor-element elementor-element-16e6d53 e-con-full e-flex e-con e-child\" data-id=\"16e6d53\" data-element_type=\"container\" data-e-type=\"container\" data-settings=\"{&quot;background_background&quot;:&quot;classic&quot;}\" href=\"https:\/\/upgrade.education\/ro\">\n\t\t\t\t<div class=\"elementor-element elementor-element-344484b elementor-widget elementor-widget-text-editor\" data-id=\"344484b\" data-element_type=\"widget\" data-e-type=\"widget\" data-widget_type=\"text-editor.default\">\n\t\t\t\t\t\t\t\t\t<p>\u00cenapoi pe website<\/p>\t\t\t\t\t\t\t\t<\/div>\n\t\t\t\t<div class=\"elementor-element elementor-element-74283aa elementor-view-default elementor-widget elementor-widget-icon\" data-id=\"74283aa\" data-element_type=\"widget\" data-e-type=\"widget\" data-widget_type=\"icon.default\">\n\t\t\t\t\t\t\t<div class=\"elementor-icon-wrapper\">\n\t\t\t<div class=\"elementor-icon\">\n\t\t\t<svg xmlns=\"http:\/\/www.w3.org\/2000\/svg\" xmlns:xlink=\"http:\/\/www.w3.org\/1999\/xlink\" xmlns:serif=\"http:\/\/www.serif.com\/\" width=\"100%\" height=\"100%\" viewbox=\"0 0 61 61\" xml:space=\"preserve\" style=\"fill-rule:evenodd;clip-rule:evenodd;stroke-linejoin:round;stroke-miterlimit:2;\">    <g transform=\"matrix(1,0,0,1,-621.133,-686.085)\">        <g transform=\"matrix(1.45625,0,0,7.40038,0,0)\">            <g transform=\"matrix(0.686695,0,0,0.135128,1.93121,4.85686)\">                <circle cx=\"648.821\" cy=\"680.643\" r=\"30.5\"><\/circle>            <\/g>            <g transform=\"matrix(1.15985,0,0,0.228236,437.374,95.5398)\">                <path d=\"M11.746,0L10.335,1.418L13.605,4.673L0,4.686L0.002,6.686L13.57,6.673L10.355,9.903L11.772,11.314L17.416,5.644L11.746,0Z\" style=\"fill:rgb(249,231,3);fill-rule:nonzero;\"><\/path>            <\/g>        <\/g>    <\/g><\/svg>\t\t\t<\/div>\n\t\t<\/div>\n\t\t\t\t\t\t<\/div>\n\t\t\t\t<\/a>\n\t\t\t\t<\/div>\n\t\t\t\t\t<\/div>\n\t\t\t\t<\/div>\n\t\t\t\t<\/div>","protected":false},"excerpt":{"rendered":"<p>Your registration has been successfully submitted! Thank you for signing up. You\u2019ll soon receive all the details via email.&nbsp; Back to home<\/p>","protected":false},"author":1,"featured_media":0,"parent":0,"menu_order":0,"comment_status":"closed","ping_status":"closed","template":"","meta":{"_acf_changed":false,"content-type":"","footnotes":""},"class_list":["post-8478","page","type-page","status-publish","hentry"],"acf":[],"_links":{"self":[{"href":"https:\/\/upgrade.education\/ro\/wp-json\/wp\/v2\/pages\/8478","targetHints":{"allow":["GET"]}}],"collection":[{"href":"https:\/\/upgrade.education\/ro\/wp-json\/wp\/v2\/pages"}],"about":[{"href":"https:\/\/upgrade.education\/ro\/wp-json\/wp\/v2\/types\/page"}],"author":[{"embeddable":true,"href":"https:\/\/upgrade.education\/ro\/wp-json\/wp\/v2\/users\/1"}],"replies":[{"embeddable":true,"href":"https:\/\/upgrade.education\/ro\/wp-json\/wp\/v2\/comments?post=8478"}],"version-history":[{"count":3,"href":"https:\/\/upgrade.education\/ro\/wp-json\/wp\/v2\/pages\/8478\/revisions"}],"predecessor-version":[{"id":10795,"href":"https:\/\/upgrade.education\/ro\/wp-json\/wp\/v2\/pages\/8478\/revisions\/10795"}],"wp:attachment":[{"href":"https:\/\/upgrade.education\/ro\/wp-json\/wp\/v2\/media?parent=8478"}],"curies":[{"name":"wp","href":"https:\/\/api.w.org\/{rel}","templated":true}]}}