{"id":8171,"date":"2024-11-29T11:16:42","date_gmt":"2024-11-29T11:16:42","guid":{"rendered":"https:\/\/neoversity.ai\/?page_id=8171"},"modified":"2026-03-09T19:15:46","modified_gmt":"2026-03-09T17:15:46","slug":"talk-to-a-mentor-thank-you","status":"publish","type":"page","link":"https:\/\/upgrade.education\/ro\/talk-to-a-mentor-thank-you\/","title":{"rendered":"Talk to a Mentor Thank You"},"content":{"rendered":"<div data-elementor-type=\"wp-page\" data-elementor-id=\"8171\" class=\"elementor elementor-8171\" data-elementor-post-type=\"page\">\n\t\t\t\t<div class=\"elementor-element elementor-element-73c7126 e-flex e-con-boxed e-con e-parent\" data-id=\"73c7126\" data-element_type=\"container\" data-e-type=\"container\">\n\t\t\t\t\t<div class=\"e-con-inner\">\n\t\t\t\t<div class=\"elementor-element elementor-element-393e6a3 elementor-widget elementor-widget-html\" data-id=\"393e6a3\" data-element_type=\"widget\" data-e-type=\"widget\" data-widget_type=\"html.default\">\n\t\t\t\t\t<!-- Event snippet for Submit lead form conversion page -->\n<script>\n  gtag('event', 'conversion', {'send_to': 'AW-404480921\/b_wyCJWSjI4DEJnH78AB'});\n<\/script>\n\t\t\t\t<\/div>\n\t\t<div class=\"elementor-element elementor-element-bdbcecd e-con-full e-flex e-con e-child\" data-id=\"bdbcecd\" data-element_type=\"container\" data-e-type=\"container\" data-settings=\"{&quot;background_background&quot;:&quot;classic&quot;}\">\n\t\t\t\t<div class=\"elementor-element elementor-element-9380eab elementor-widget__width-initial elementor-widget elementor-widget-heading\" data-id=\"9380eab\" data-element_type=\"widget\" data-e-type=\"widget\" data-widget_type=\"heading.default\">\n\t\t\t\t\t<h1 class=\"elementor-heading-title elementor-size-default\">Cererea ta a fost \u00eenregistrat\u0103 cu succes<\/h1>\t\t\t\t<\/div>\n\t\t\t\t<div class=\"elementor-element elementor-element-ba8a072 elementor-widget__width-initial elementor-widget-tablet__width-initial elementor-widget elementor-widget-text-editor\" data-id=\"ba8a072\" data-element_type=\"widget\" data-e-type=\"widget\" data-widget_type=\"text-editor.default\">\n\t\t\t\t\t\t\t\t\t<p class=\"p1\">Urm\u0103torul pas este ca echipa noastr\u0103 s\u0103 revizuiasc\u0103 aplica\u021bia ta.<br \/>Fii cu ochii pe email unde vei primi informa\u021bii suplimentare.<\/p>\t\t\t\t\t\t\t\t<\/div>\n\t\t<a class=\"elementor-element elementor-element-5e2d92e e-con-full e-flex e-con e-child\" data-id=\"5e2d92e\" data-element_type=\"container\" data-e-type=\"container\" data-settings=\"{&quot;background_background&quot;:&quot;classic&quot;}\" href=\"https:\/\/upgrade.education\/ro\">\n\t\t\t\t<div class=\"elementor-element elementor-element-b5d308a elementor-widget elementor-widget-text-editor\" data-id=\"b5d308a\" data-element_type=\"widget\" data-e-type=\"widget\" data-widget_type=\"text-editor.default\">\n\t\t\t\t\t\t\t\t\t<p>\u00cenapoi pe website<\/p>\t\t\t\t\t\t\t\t<\/div>\n\t\t\t\t<div class=\"elementor-element elementor-element-015e2dd elementor-view-default elementor-widget elementor-widget-icon\" data-id=\"015e2dd\" data-element_type=\"widget\" data-e-type=\"widget\" data-widget_type=\"icon.default\">\n\t\t\t\t\t\t\t<div class=\"elementor-icon-wrapper\">\n\t\t\t<div class=\"elementor-icon\">\n\t\t\t<svg xmlns=\"http:\/\/www.w3.org\/2000\/svg\" xmlns:xlink=\"http:\/\/www.w3.org\/1999\/xlink\" xmlns:serif=\"http:\/\/www.serif.com\/\" width=\"100%\" height=\"100%\" viewbox=\"0 0 61 61\" xml:space=\"preserve\" style=\"fill-rule:evenodd;clip-rule:evenodd;stroke-linejoin:round;stroke-miterlimit:2;\">    <g transform=\"matrix(1,0,0,1,-621.133,-686.085)\">        <g transform=\"matrix(1.45625,0,0,7.40038,0,0)\">            <g transform=\"matrix(0.686695,0,0,0.135128,1.93121,4.85686)\">                <circle cx=\"648.821\" cy=\"680.643\" r=\"30.5\"><\/circle>            <\/g>            <g transform=\"matrix(1.15985,0,0,0.228236,437.374,95.5398)\">                <path d=\"M11.746,0L10.335,1.418L13.605,4.673L0,4.686L0.002,6.686L13.57,6.673L10.355,9.903L11.772,11.314L17.416,5.644L11.746,0Z\" style=\"fill:rgb(249,231,3);fill-rule:nonzero;\"><\/path>            <\/g>        <\/g>    <\/g><\/svg>\t\t\t<\/div>\n\t\t<\/div>\n\t\t\t\t\t\t<\/div>\n\t\t\t\t<\/a>\n\t\t\t\t<\/div>\n\t\t\t\t\t<\/div>\n\t\t\t\t<\/div>\n\t\t\t\t<\/div>","protected":false},"excerpt":{"rendered":"<p>Talk to a mentor is scheduled The final step is for our team to review your application.Once this process is completed, you\u2019ll get an email with an invitation to set up the call. Back to home<\/p>","protected":false},"author":1,"featured_media":0,"parent":0,"menu_order":0,"comment_status":"closed","ping_status":"closed","template":"","meta":{"_acf_changed":false,"content-type":"","footnotes":""},"class_list":["post-8171","page","type-page","status-publish","hentry"],"acf":[],"_links":{"self":[{"href":"https:\/\/upgrade.education\/ro\/wp-json\/wp\/v2\/pages\/8171","targetHints":{"allow":["GET"]}}],"collection":[{"href":"https:\/\/upgrade.education\/ro\/wp-json\/wp\/v2\/pages"}],"about":[{"href":"https:\/\/upgrade.education\/ro\/wp-json\/wp\/v2\/types\/page"}],"author":[{"embeddable":true,"href":"https:\/\/upgrade.education\/ro\/wp-json\/wp\/v2\/users\/1"}],"replies":[{"embeddable":true,"href":"https:\/\/upgrade.education\/ro\/wp-json\/wp\/v2\/comments?post=8171"}],"version-history":[{"count":3,"href":"https:\/\/upgrade.education\/ro\/wp-json\/wp\/v2\/pages\/8171\/revisions"}],"predecessor-version":[{"id":12716,"href":"https:\/\/upgrade.education\/ro\/wp-json\/wp\/v2\/pages\/8171\/revisions\/12716"}],"wp:attachment":[{"href":"https:\/\/upgrade.education\/ro\/wp-json\/wp\/v2\/media?parent=8171"}],"curies":[{"name":"wp","href":"https:\/\/api.w.org\/{rel}","templated":true}]}}