{"id":7282,"date":"2024-11-06T17:00:02","date_gmt":"2024-11-06T17:00:02","guid":{"rendered":"https:\/\/neoversity.ai\/?page_id=7282"},"modified":"2026-01-23T13:16:47","modified_gmt":"2026-01-23T11:16:47","slug":"privacy-policy-prospects","status":"publish","type":"page","link":"https:\/\/upgrade.education\/ro\/privacy-policy-prospects\/","title":{"rendered":"Privacy policy"},"content":{"rendered":"<div data-elementor-type=\"wp-page\" data-elementor-id=\"7282\" class=\"elementor elementor-7282\" data-elementor-post-type=\"page\">\n\t\t\t\t<div class=\"elementor-element elementor-element-a371da7 e-flex e-con-boxed e-con e-parent\" data-id=\"a371da7\" data-element_type=\"container\" data-e-type=\"container\">\n\t\t\t\t\t<div class=\"e-con-inner\">\n\t\t<div class=\"elementor-element elementor-element-629e078 e-con-full e-flex e-con e-child\" data-id=\"629e078\" data-element_type=\"container\" data-e-type=\"container\" data-settings=\"{&quot;background_background&quot;:&quot;classic&quot;}\">\n\t\t\t\t<div class=\"elementor-element elementor-element-227a59b elementor-widget elementor-widget-text-editor\" data-id=\"227a59b\" data-element_type=\"widget\" data-e-type=\"widget\" data-no-translation=\"\" data-widget_type=\"text-editor.default\">\n\t\t\t\t\t<style>.elementor-element-227a59b{display:none !important}<\/style>\t\t\t\t<\/div>\n\t\t\t\t<div class=\"elementor-element elementor-element-819cdb7 elementor-widget elementor-widget-text-editor\" data-id=\"819cdb7\" data-element_type=\"widget\" data-e-type=\"widget\" data-no-translation=\"\" data-widget_type=\"text-editor.default\">\n\t\t\t\t\t\t\t\t\t<div class=\"page\" title=\"Page 1\"><div class=\"section\"><div class=\"layoutArea\"><div class=\"column\"><h1><b>Politica de confiden\u021bialitate \u2013 Prospec\u021bi \/ Vizitator<\/b><\/h1><p><span style=\"font-weight: 400;\">Ultima actualizare: 23.01.2026<\/span><\/p><p><span style=\"font-weight: 400;\">Prin prezenta <\/span><i><span style=\"font-weight: 400;\">Politic\u0103<\/span><\/i><span style=\"font-weight: 400;\"> v\u0103 inform\u0103m despre modul \u00een care colect\u0103m, utiliz\u0103m, transfer\u0103m \u0219i protej\u0103m datele dvs. cu caracter personal. Prelucrarea acestora o realiz\u0103m \u00een conformitate cu prevederile Regulamentului (UE) 2016\/679 al Parlamentului European \u0219i al Consiliului din 27 aprilie 2016 privind protec\u021bia persoanelor fizice \u00een ceea ce prive\u0219te prelucrarea datelor cu caracter personal \u0219i privind libera circula\u021bie a acestor date, \u0219i de abrogare a Directivei nr. 95\/46\/CE (,,Regulamentul general privind protec\u021bia datelor\u2019\u2019, \u00een continuare <\/span><i><span style=\"font-weight: 400;\">,,R.G.P.D.\u201d<\/span><\/i><span style=\"font-weight: 400;\">) \u0219i ale legisla\u021biei na\u021bionale relevante \u00een materia protec\u021biei datelor cu caracter personal.<\/span><\/p><ul><li aria-level=\"1\"><b>CINE SUNTEM NOI?<\/b><\/li><\/ul><p><b><i>UPGRADE EDUCATION SRL, <\/i><\/b><span style=\"font-weight: 400;\">ofer\u0103 servicii de consiliere educa\u021bional\u0103 \u0219i mentorat pentru elevii care \u00ee\u0219i doresc s\u0103 studieze \u00een str\u0103in\u0103tate. Sprijinim si ghidam tinerii \u00een procesul de explorare academic\u0103, alegerea programului potrivit \u0219i preg\u0103tirea aplica\u021biilor c\u0103tre universit\u0103\u021bi de top din lume. \u00cen acest document, ne vom referi la companie folosind termenii \u201enoi\u201d, \u201eSocietatea\u201d sau \u201eUpgrade Education\u201d.<\/span><\/p><p><b>Datele noastre de contact sunt:<\/b><\/p><p><span style=\"font-weight: 400;\">Adresa sediului: Bulevardul Dimitrie Pompeiu nr. 10A, Cl\u0103direa Conect 1, Etaj 1, Birou 10<\/span><\/p><p><span style=\"font-weight: 400;\">Adres\u0103 de e-mail: <\/span><a href=\"mailto:gdpr@upgrade.education\"><span style=\"font-weight: 400;\">gdpr@upgrade.education<\/span><\/a><\/p><p><span style=\"font-weight: 400;\">Nr. de tel.:<\/span><span style=\"font-weight: 400;\"> +40 31 630 5013<\/span><\/p><ul><li aria-level=\"1\"><b>CUM PRELUCR\u0102M DATELE DVS. CU CARACTER PERSONAL?<\/b><\/li><\/ul><p><span style=\"font-weight: 400;\">Datele cu caracter personal sunt:<\/span><\/p><ul><li style=\"list-style-type: none;\"><ul><li aria-level=\"1\"><span style=\"font-weight: 400;\">prelucrate \u00een mod legal, echitabil \u0219i transparent fa\u021b\u0103 de persoana vizat\u0103;<\/span><\/li><\/ul><\/li><\/ul><ul><li style=\"list-style-type: none;\"><ul><li aria-level=\"1\"><span style=\"font-weight: 400;\">colectate \u00een scopuri determinate, explicite \u0219i legitime \u0219i nu sunt prelucrate ulterior \u00eentr-un mod incompatibil cu aceste scopuri;<\/span><\/li><\/ul><\/li><\/ul><ul><li style=\"list-style-type: none;\"><ul><li aria-level=\"1\"><span style=\"font-weight: 400;\">adecvate, relevante \u0219i limitate la ceea ce este necesar \u00een raport cu scopurile \u00een care sunt prelucrate;<\/span><\/li><\/ul><\/li><\/ul><ul><li style=\"list-style-type: none;\"><ul><li aria-level=\"1\"><span style=\"font-weight: 400;\">exacte \u0219i actualizate \u00een termen;<\/span><\/li><\/ul><\/li><\/ul><ul><li style=\"list-style-type: none;\"><ul><li aria-level=\"1\"><span style=\"font-weight: 400;\">p\u0103strate \u00eentr-o form\u0103 care permite identificarea persoanelor vizate pe o perioad\u0103 care nu dep\u0103\u0219e\u0219te perioada necesar\u0103 \u00eendeplinirii scopurilor \u00een care sunt prelucrate datele;<\/span><\/li><\/ul><\/li><\/ul><ul><li style=\"list-style-type: none;\"><ul><li aria-level=\"1\"><span style=\"font-weight: 400;\">prelucrate \u00eentr-un mod care asigur\u0103 securitatea adecvat\u0103 a datelor cu caracter personal, inclusiv protec\u021bia \u00eempotriva prelucr\u0103rii neautorizate sau ilegale \u0219i \u00eempotriva pierderii, a distrugerii sau a deterior\u0103rii accidentale, prin luarea de m\u0103suri tehnice sau organizatorice corespunz\u0103toare.<\/span><\/li><\/ul><\/li><\/ul><h1>\u00a0<\/h1><ul><li aria-level=\"1\"><b>CARE SUNT TIPURILE DE DATE <\/b><b>CU CARACTER PERSONAL<\/b><b> PRELUCRATE \u0218I \u00ceN CE SCOP SUNT PRELUCRATE ACESTEA?<\/b><\/li><\/ul><p><span style=\"font-weight: 400;\">\u00cen contextul <\/span><b>recrut\u0103rii de personal<\/b><span style=\"font-weight: 400;\">, prelucr\u0103m urm\u0103toarele tipuri de date cu caracter personal:<\/span><span style=\"font-weight: 400;\"> nume, prenume, adres\u0103, data na\u0219terii, cet\u0103\u021benie, genul, nr. de tel., adresa de e-mail, date privind experien\u021ba profesional\u0103 \u0219i\/sau social\u0103, educa\u021bia \u0219i formarea profesional\u0103, competen\u021be<\/span> <span style=\"font-weight: 400;\">\u0219i alte date cu caracter personal care reies din informa\u021biile cuprinse \u00een CV \u0219i dup\u0103 caz, \u00een urma discu\u021biilor din cadrul interviului de angajare.<\/span><\/p><p><span style=\"font-weight: 400;\">\u00cen vederea <\/span><b>complet\u0103rii \u0219i transmiterii formularului \u201eVorbe\u0219te cu un mentor\u201d<\/b><span style=\"font-weight: 400;\"> de pe<\/span> <span style=\"font-weight: 400;\">website-ul Societ\u0103\u021bii &#8211; <\/span><a href=\"https:\/\/upgrade.education\/ro\/\"><span style=\"font-weight: 400;\">https:\/\/upgrade.education\/ro\/<\/span><\/a> <span style=\"font-weight: 400;\">(\u00een continuare ,,website-ul\u2019\u2019)<\/span><span style=\"font-weight: 400;\">, prelucr\u0103m urm\u0103toarele tipuri de date cu caracter personal: prenume, nume, e-mail, num\u0103r de telefon, elev\/p\u0103rinte, \u021bar\u0103, ora\u0219, denumirea liceului, anul absolvirii (anticipat), tipul liceului (public\/privat), media elevului din anul trecut, unde dore\u0219te s\u0103 aplice (UK, SUA, Europa, Canada), siguran\u021ba studiului \u00een limba englez\u0103, bugetul alocat de familie pentru studii, specializarea dorit\u0103 \u0219i motivele care au determinat completarea acestui formular.<\/span><\/p><p><span style=\"font-weight: 400;\">\u00cen vederea <\/span><b>complet\u0103rii \u0219i transmiterii formularului \u201eAl\u0103tur\u0103-te mi\u0219c\u0103rii Upgrade Education\u201d<\/b><span style=\"font-weight: 400;\">, prelucr\u0103m urm\u0103toarele tipuri de date cu caracter personal: prenume, nume, adresa de e-mail, motivele pentru care se dore\u0219te al\u0103turarea \u00een cadrul echipei, profilul de LinkedIn \u0219i alte date reie\u0219ite din cadrul CV-ului \u00eenc\u0103rcat \u00een cadrul acestui formular.\u00a0<\/span><\/p><p><span style=\"font-weight: 400;\">\u00cen vederea <\/span><b>complet\u0103rii \u0219i transmiterii formularului \u201eGhideaz\u0103 urm\u0103toarea genera\u021bie de tineri profesioni\u0219ti\u201d<\/b><span style=\"font-weight: 400;\">, prelucr\u0103m urm\u0103toarele tipuri de date cu caracter personal: prenume, nume, adresa de e-mail, Universitatea absolvit\u0103, pozi\u021bia actual\u0103, experien\u021ba \u0219i domeniile de expertiz\u0103.<\/span><\/p><p><span style=\"font-weight: 400;\">\u00cen vederea <\/span><b>complet\u0103rii \u0219i transmiterii formularului \u201e\u00censcrie-te la webinar\u201d<\/b><span style=\"font-weight: 400;\">, prelucr\u0103m urm\u0103toarele tipuri de date cu caracter personal: prenume, nume, elev\/p\u0103rinte, num\u0103r de telefon, adresa de e-mail, anul \u00een care termini liceul, siguran\u021ba dorin\u021bei studiului \u00een str\u0103in\u0103tate \u0219i bugetul anual pentru studii.\u00a0<\/span><\/p><p><span style=\"font-weight: 400;\">\u00cen vederea <\/span><b>complet\u0103rii \u0219i transmiterii formularului \u201eAcceseaz\u0103 Lucrarea ICERI 2024\u201d<\/b><span style=\"font-weight: 400;\">, prelucr\u0103m urm\u0103toarele tipuri de date cu caracter personal: prenume, nume, adresa de e-mail \u0219i rolul (jurnalist, educator, p\u0103rinte, student, altceva).\u00a0<\/span><\/p><p><span style=\"font-weight: 400;\">\u00cen vederea <\/span><b>organiz\u0103rii de concursuri\/tombole<\/b> <b>prin intermediul website-ului sau a re\u021belelor sociale (Facebook, Youtube, Instagram, TikTok)<\/b><span style=\"font-weight: 400;\"> prelucr\u0103m urm\u0103toarele date cu caracter personal: nume, prenume, adres\u0103 domiciliu, adres\u0103 de e-mail, num\u0103r de telefon, v\u00e2rsta, data na\u0219terii, semn\u0103tur\u0103.<\/span><\/p><p><span style=\"font-weight: 400;\">Pentru <\/span><b>vizitatorii website-ului<\/b><span style=\"font-weight: 400;\"> este posibil s\u0103 colect\u0103m date prin <\/span><i><span style=\"font-weight: 400;\">module cookie<\/span><\/i><span style=\"font-weight: 400;\"> sau alte tehnologii similare, precum: adresa IP, navigatorul de internet, loca\u021bia, paginile web accesate pe website-ul nostru, timpul petrecut pe website, re\u021beaua de internet, dispozitivul utilizat<\/span><span style=\"font-weight: 400;\">. Pentru mai multe detalii \u00een acest sens, consulta\u021bi<\/span> <a href=\"https:\/\/upgrade.education\/ro\/cookie-policy\/\"><b><i>Politica de cookie-uri<\/i><\/b><\/a><b>.<\/b><\/p><p><span style=\"font-family: -apple-system, BlinkMacSystemFont, 'Segoe UI', Roboto, 'Helvetica Neue', Arial, 'Noto Sans', sans-serif, 'Apple Color Emoji', 'Segoe UI Emoji', 'Segoe UI Symbol', 'Noto Color Emoji';\">\u00cen vederea<\/span><strong style=\"font-family: -apple-system, BlinkMacSystemFont, 'Segoe UI', Roboto, 'Helvetica Neue', Arial, 'Noto Sans', sans-serif, 'Apple Color Emoji', 'Segoe UI Emoji', 'Segoe UI Symbol', 'Noto Color Emoji';\"> achizi\u021bion\u0103rii c\u0103r\u021bii noastre<\/strong><span style=\"font-family: -apple-system, BlinkMacSystemFont, 'Segoe UI', Roboto, 'Helvetica Neue', Arial, 'Noto Sans', sans-serif, 'Apple Color Emoji', 'Segoe UI Emoji', 'Segoe UI Symbol', 'Noto Color Emoji';\"> \u201eViata dupa liceu\u00a8 prin intermediul website-ului, prelucr\u0103m urm\u0103toarele date cu caracter personal: nume, prenume, adresa de e-mail, num\u0103rul de telefon \u0219i adresa de livrare.<\/span><\/p><p><span style=\"font-weight: 400;\">Nu va\u0306 utiliza\u0306m datele dvs. cu caracter personal pentru a va\u0306 transmite <\/span><b style=\"font-family: -apple-system, BlinkMacSystemFont, 'Segoe UI', Roboto, 'Helvetica Neue', Arial, 'Noto Sans', sans-serif, 'Apple Color Emoji', 'Segoe UI Emoji', 'Segoe UI Symbol', 'Noto Color Emoji';\">comunica\u0306ri de tip marketing<\/b><span style=\"font-weight: 400;\">, precum <\/span><b style=\"font-family: -apple-system, BlinkMacSystemFont, 'Segoe UI', Roboto, 'Helvetica Neue', Arial, 'Noto Sans', sans-serif, 'Apple Color Emoji', 'Segoe UI Emoji', 'Segoe UI Symbol', 'Noto Color Emoji';\">newsletter-uri<\/b><span style=\"font-weight: 400;\">, dec\u00e2t daca\u0306 v\u0103 da\u021bi consim\u021b\u0103m\u00e2ntul i\u0302n mod expres pentru astfel de comunic\u0103ri, bif\u00e2nd o <\/span><i style=\"font-family: -apple-system, BlinkMacSystemFont, 'Segoe UI', Roboto, 'Helvetica Neue', Arial, 'Noto Sans', sans-serif, 'Apple Color Emoji', 'Segoe UI Emoji', 'Segoe UI Symbol', 'Noto Color Emoji';\">c\u0103su\u021b\u0103 de acord<\/i><span style=\"font-weight: 400;\"> \u00een acest sens. \u00cen acest sens, v\u0103 prelucr\u0103m e-mailul \u0219i prenumele \u0219i\u00a0 ne asigur\u0103m ca\u0306 ave\u021bi la dispozi\u021bie o op\u021biune simpla\u0306 de a va\u0306 dezabona i\u0302n orice moment, respectiv de a v\u0103 retrage consimt\u0326a\u0306ma\u0302ntul cu privire la primirea acestor tipuri de comunic\u0103ri.\u00a0<\/span><\/p><\/div><div class=\"column\"><ul><li aria-level=\"1\"><b>CARE SUNT TEMEIURILE LEGALE PE CARE SE BAZEAZ\u0102 PRELUCRAREA DATELOR CU CARACTER PERSONAL?<\/b><\/li><\/ul><p><span style=\"font-weight: 400;\">Datele dvs. cu caracter personal sunt prelucrate \u00een vederea:<\/span><\/p><ul><li style=\"list-style-type: none;\"><ul><li aria-level=\"1\"><b>\u00eencheierii \u0219i execut\u0103rii diferitelor contracte<\/b><span style=\"font-weight: 400;\">;<\/span><\/li><\/ul><\/li><\/ul><ul><li style=\"list-style-type: none;\"><ul><li aria-level=\"1\"><b>pentru<\/b> <b>\u00eendeplinirea obliga\u021biilor legale<\/b><span style=\"font-weight: 400;\"> care ne revin;<\/span><\/li><li aria-level=\"1\"><b>\u00een baza consim\u021b\u0103m\u00e2ntului solicitat \u0219i\/sau oferit \u00een prealabil<\/b><span style=\"font-weight: 400;\"> (\u00een contextul recrut\u0103rii de personal, pentru transmiterea comunic\u0103rilor de tip marketing etc.);<\/span><\/li><li aria-level=\"1\"><span style=\"font-weight: 400;\">\u00een scopul<\/span><b> intereselor legitime urm\u0103rite de Societate<\/b><span style=\"font-weight: 400;\"> (ex. adoptarea de m\u0103suri de protec\u021bie \u0219i securitate a angaja\u021bilor no\u0219tri, exercitarea unor drepturi \u0219i interese legitime ale Societ\u0103\u021bii \u00een cadrul procedurilor contencioase sau necontencioase etc.).<\/span><\/li><li aria-level=\"1\"><b>PE CE DURAT\u0102 PRELUCR\u0102M DATELE DVS. CU CARACTER PERSONAL?<\/b><\/li><\/ul><\/li><\/ul><p><span style=\"font-weight: 400;\">Datele cu caracter personal sunt stocate \u00een vederea prelucr\u0103rii lor pe durata necesar\u0103 atingerii scopurilor de prelucrare men\u021bionate \u00een prezenta <\/span><i><span style=\"font-weight: 400;\">Politic\u0103<\/span><\/i><span style=\"font-weight: 400;\"> sau pe durata impus\u0103 de lege (ex. \u00een materie de arhivare, de contabilitate etc.).<\/span><\/p><ul><li aria-level=\"1\"><b>CUI TRANSMITEM DATELE CU CARACTER PERSONAL?<\/b><\/li><\/ul><p><span style=\"font-weight: 400;\">Nu vom comunica sau transfera vreunui ter\u021b, niciuna dintre datele cu caracter personal colectate de la dvs. sau despre dvs. cu <\/span><b>excep\u021bia<\/b><span style=\"font-weight: 400;\">:<\/span><\/p><ul><li style=\"font-weight: 400;\" aria-level=\"1\"><b>Autorit\u0103\u021bilor \u0219i institu\u021biilor publice<\/b><span style=\"font-weight: 400;\"> &#8211; c\u00e2nd exist\u0103 o obliga\u021bie legal\u0103 \u00een acest sens sau \u00een scopul unui interes legitim (ap\u0103rarea drepturilor Societ\u0103\u021bii \u00een procedurile contencioase sau necontencioase etc.).<\/span><\/li><li style=\"font-weight: 400;\" aria-level=\"1\"><b>Partenerilor contractuali sau colaboratorilor Societ\u0103\u021bii <\/b><span style=\"font-weight: 400;\">care ne ofer\u0103 servicii de g\u0103zduire web, de dezvoltare website, mentenan\u021b\u0103 website, marketing online \u0219i comunicare de marketing.<\/span><\/li><li style=\"font-weight: 400;\" aria-level=\"1\"><b>Oric\u0103rui ter\u021b<\/b><span style=\"font-weight: 400;\"> \u2013 dac\u0103 v-a\u021bi dat consim\u021b\u0103m\u00e2ntul \u00een mod expres \u0219i punctual, pentru respectiva situa\u021bie \u0219i respectivele date.<\/span><\/li><\/ul><p><span style=\"font-weight: 400;\">\u00cen cazul \u00een care datele cu caracter personal prelucrate de Societate sunt <\/span><b>transferate<\/b><span style=\"font-weight: 400;\"> de c\u0103tre aceasta direct sau prin intermediul partenerilor contractuali\/colaboratorilor s\u0103i <\/span><b>\u00een afara Spa\u021biului Economic European<\/b><span style=\"font-weight: 400;\">, v\u0103 asigur\u0103m c\u0103 aceste transferuri au loc cu respectarea R.G.P.D. (\u00een special art. 46 din R.G.P.D.), a prevederilor legale aplicabile \u00een materie, \u00een baza unor garan\u021bii adecvate (clauze standard de protec\u021bie a datelor adoptate de Comisie) \u0219i cu condi\u021bia de a exista drepturi opozabile \u0219i c\u0103i de atac eficiente pentru persoanele vizate.\u00a0<\/span><\/p><ul><li aria-level=\"1\"><b>CE M\u0102SURI DE PROTEC\u021aIE \u0218I GARAN\u021aII LU\u0102M?<\/b><\/li><\/ul><p><span style=\"font-weight: 400;\">Societatea implementeaz\u0103 <\/span><span style=\"font-weight: 400;\">m\u0103suri tehnice \u0219i organizatorice adecvate \u00een vederea asigur\u0103rii unui nivel \u00eenalt de securitate \u0219i protec\u021bie a datelor cu caracter personal. U<\/span><span style=\"font-weight: 400;\">tiliz\u0103m metode \u015fi tehnologii de securitate, \u00eempreun\u0103 cu politici \u015fi proceduri interne de lucru, inclusiv de control \u015fi audit, pentru a proteja datele cu caracter personal colectate conform prevederilor legale \u00een vigoare relevante \u00een materia protec\u021biei datelor cu caracter personal.\u00a0<\/span><\/p><ul><li aria-level=\"1\"><b>CARE SUNT DREPTURILE DVS. \u00ceN CALITATE DE PERSOAN\u0102 VIZAT\u0102?<\/b><\/li><\/ul><p><span style=\"font-weight: 400;\">Orice persoan\u0103 vizat\u0103 \u00ee\u0219i poate exercita urm\u0103toarele drepturi, a\u0219a cum sunt prev\u0103zute de c\u0103tre Regulamentul general privind protec\u021bia datelor:<\/span><\/p><ul><li style=\"list-style-type: none;\"><ul><li aria-level=\"1\"><span style=\"font-weight: 400;\">Dreptul de acces;\u00a0<\/span><\/li><\/ul><\/li><\/ul><ul><li style=\"list-style-type: none;\"><ul><li aria-level=\"1\"><span style=\"font-weight: 400;\">Dreptul de rectificare;\u00a0<\/span><\/li><\/ul><\/li><\/ul><ul><li style=\"list-style-type: none;\"><ul><li aria-level=\"1\"><span style=\"font-weight: 400;\">Dreptul la \u0219tergere;<\/span><\/li><\/ul><\/li><\/ul><ul><li style=\"list-style-type: none;\"><ul><li aria-level=\"1\"><span style=\"font-weight: 400;\">Dreptul la restric\u021bionarea prelucr\u0103rii;<\/span><\/li><\/ul><\/li><\/ul><ul><li style=\"list-style-type: none;\"><ul><li aria-level=\"1\"><span style=\"font-weight: 400;\">Dreptul la portabilitate;<\/span><\/li><\/ul><\/li><\/ul><ul><li style=\"list-style-type: none;\"><ul><li aria-level=\"1\"><span style=\"font-weight: 400;\">Dreptul la opozi\u021bie a prelucr\u0103rii;<\/span><\/li><\/ul><\/li><\/ul><ul><li style=\"list-style-type: none;\"><ul><li aria-level=\"1\"><span style=\"font-weight: 400;\">Dreptul de a nu face obiectul unei decizii bazate exclusiv pe prelucrarea automat\u0103, inclusiv crearea de profiluri;<\/span><\/li><\/ul><\/li><\/ul><ul><li style=\"list-style-type: none;\"><ul><li aria-level=\"1\"><span style=\"font-weight: 400;\">Dreptul de a se adresa Autorit\u0103\u021bii Na\u0163ionale de Supraveghere a Prelucr\u0103rii Datelor cu Caracter Personal (<\/span><a href=\"http:\/\/www.dataprotection.ro\"><span style=\"font-weight: 400;\">www.dataprotection.ro<\/span><\/a><span style=\"font-weight: 400;\">) \u0219i instan\u021belor de judecat\u0103.<\/span><\/li><\/ul><\/li><\/ul><p><span style=\"font-weight: 400;\">Pentru exercitarea acestor drepturi sau pentru orice \u00eentreb\u0103ri legate de prelucrarea datelor tale personale, te rug\u0103m s\u0103 ne contactezi pe adresa de email: <\/span><a href=\"mailto:gdpr@upgrade.education\"><span style=\"font-weight: 400;\">gdpr@upgrade.education<\/span><\/a><\/p><\/div><\/div><\/div><\/div>\t\t\t\t\t\t\t\t<\/div>\n\t\t\t\t<\/div>\n\t\t\t\t\t<\/div>\n\t\t\t\t<\/div>\n\t\t\t\t<\/div>","protected":false},"excerpt":{"rendered":"<p>Privacy Policy \u2013 Prospective Clients \/ Website Visitors Last updated: January 23, 2026 Through this Policy, we inform you about how we collect, use, transfer, and protect your personal data. We process such data in accordance with the provisions of Regulation (EU) 2016\/679 of the European Parliament and of the Council of April 27, 2016, [&hellip;]<\/p>\n","protected":false},"author":1,"featured_media":0,"parent":0,"menu_order":0,"comment_status":"closed","ping_status":"closed","template":"","meta":{"_acf_changed":false,"content-type":"","footnotes":""},"class_list":["post-7282","page","type-page","status-publish","hentry"],"acf":[],"_links":{"self":[{"href":"https:\/\/upgrade.education\/ro\/wp-json\/wp\/v2\/pages\/7282","targetHints":{"allow":["GET"]}}],"collection":[{"href":"https:\/\/upgrade.education\/ro\/wp-json\/wp\/v2\/pages"}],"about":[{"href":"https:\/\/upgrade.education\/ro\/wp-json\/wp\/v2\/types\/page"}],"author":[{"embeddable":true,"href":"https:\/\/upgrade.education\/ro\/wp-json\/wp\/v2\/users\/1"}],"replies":[{"embeddable":true,"href":"https:\/\/upgrade.education\/ro\/wp-json\/wp\/v2\/comments?post=7282"}],"version-history":[{"count":36,"href":"https:\/\/upgrade.education\/ro\/wp-json\/wp\/v2\/pages\/7282\/revisions"}],"predecessor-version":[{"id":12577,"href":"https:\/\/upgrade.education\/ro\/wp-json\/wp\/v2\/pages\/7282\/revisions\/12577"}],"wp:attachment":[{"href":"https:\/\/upgrade.education\/ro\/wp-json\/wp\/v2\/media?parent=7282"}],"curies":[{"name":"wp","href":"https:\/\/api.w.org\/{rel}","templated":true}]}}