{"id":6129,"date":"2024-11-03T20:25:20","date_gmt":"2024-11-03T20:25:20","guid":{"rendered":"https:\/\/neoversity.ai\/?page_id=6129"},"modified":"2024-12-19T13:17:54","modified_gmt":"2024-12-19T13:17:54","slug":"advance-with-coaching","status":"publish","type":"page","link":"https:\/\/upgrade.education\/ro\/advance-with-coaching\/","title":{"rendered":"Evolueaz\u0103 cu ajutorul coachingului"},"content":{"rendered":"<div data-elementor-type=\"wp-page\" data-elementor-id=\"6129\" class=\"elementor elementor-6129\" data-elementor-post-type=\"page\">\n\t\t\t\t<div class=\"elementor-element elementor-element-11af72c e-flex e-con-boxed e-con e-parent\" data-id=\"11af72c\" data-element_type=\"container\" data-e-type=\"container\">\n\t\t\t\t\t<div class=\"e-con-inner\">\n\t\t<div class=\"elementor-element elementor-element-c1bb2a7 e-con-full e-flex e-con e-child\" data-id=\"c1bb2a7\" data-element_type=\"container\" data-e-type=\"container\" data-settings=\"{&quot;background_background&quot;:&quot;classic&quot;}\">\n\t\t\t\t<div class=\"elementor-element elementor-element-9490468 elementor-widget__width-inherit elementor-widget-tablet__width-inherit elementor-widget elementor-widget-heading\" data-id=\"9490468\" data-element_type=\"widget\" data-e-type=\"widget\" data-widget_type=\"heading.default\">\n\t\t\t\t\t<h2 class=\"elementor-heading-title elementor-size-default\">Evolueaz\u0103 cu ajutorul coachingului<\/h2>\t\t\t\t<\/div>\n\t\t\t\t<div class=\"elementor-element elementor-element-ce71ef3 elementor-widget__width-initial elementor-widget-tablet__width-inherit elementor-widget elementor-widget-heading\" data-id=\"ce71ef3\" data-element_type=\"widget\" data-e-type=\"widget\" data-widget_type=\"heading.default\">\n\t\t\t\t\t<h2 class=\"elementor-heading-title elementor-size-default\">Programul de coaching \u00een carier\u0103: partenerul t\u0103u pentru cre\u0219tere profesional\u0103<\/h2>\t\t\t\t<\/div>\n\t\t\t\t<div class=\"elementor-element elementor-element-f263595 elementor-widget__width-initial elementor-widget-tablet__width-initial elementor-widget elementor-widget-text-editor\" data-id=\"f263595\" data-element_type=\"widget\" data-e-type=\"widget\" data-widget_type=\"text-editor.default\">\n\t\t\t\t\t\t\t\t\t<p class=\"p1\">Programul nostru de coaching \u00een carier\u0103 este creat pentru profesioni\u0219tii care doresc s\u0103-\u0219i avanseze cariera \u0219i s\u0103 ating\u0103 noi culmi. Prin sus\u021binerea constant\u0103, ajut\u0103m participan\u021bii s\u0103 identifice oportunit\u0103\u021bi de cre\u0219tere, s\u0103 perfec\u021bioneze abilit\u0103\u021bi esen\u021biale \u0219i s\u0103 stabileasc\u0103 planuri de carier\u0103 ac\u021bionabile, adaptate ambi\u021biilor lor. Abordarea noastr\u0103 dep\u0103\u0219e\u0219te sfaturile tipice de carier\u0103 prin integrarea mentoratului \u00een experien\u021ba de coaching, cre\u00e2nd un parcurs de cre\u0219tere mai robust \u0219i personalizat.<\/p>\t\t\t\t\t\t\t\t<\/div>\n\t\t\t\t<div class=\"elementor-element elementor-element-7c8135e buton elementor-widget elementor-widget-button\" data-id=\"7c8135e\" data-element_type=\"widget\" data-e-type=\"widget\" data-widget_type=\"button.default\">\n\t\t\t\t\t\t\t\t\t\t<a class=\"elementor-button elementor-button-link elementor-size-sm\" href=\"https:\/\/upgrade.education\/ro\/talk-to-a-mentor\/\">\n\t\t\t\t\t\t<span class=\"elementor-button-content-wrapper\">\n\t\t\t\t\t\t<span class=\"elementor-button-icon\">\n\t\t\t\t<svg xmlns=\"http:\/\/www.w3.org\/2000\/svg\" xmlns:xlink=\"http:\/\/www.w3.org\/1999\/xlink\" xmlns:serif=\"http:\/\/www.serif.com\/\" width=\"100%\" height=\"100%\" viewbox=\"0 0 61 61\" xml:space=\"preserve\" style=\"fill-rule:evenodd;clip-rule:evenodd;stroke-linejoin:round;stroke-miterlimit:2;\">    <g transform=\"matrix(1,0,0,1,-621.133,-686.085)\">        <g transform=\"matrix(1.45625,0,0,7.40038,0,0)\">            <g transform=\"matrix(0.686695,0,0,0.135128,1.93121,4.85686)\">                <circle cx=\"648.821\" cy=\"680.643\" r=\"30.5\"><\/circle>            <\/g>            <g transform=\"matrix(1.15985,0,0,0.228236,437.374,95.5398)\">                <path d=\"M11.746,0L10.335,1.418L13.605,4.673L0,4.686L0.002,6.686L13.57,6.673L10.355,9.903L11.772,11.314L17.416,5.644L11.746,0Z\" style=\"fill:rgb(249,231,3);fill-rule:nonzero;\"><\/path>            <\/g>        <\/g>    <\/g><\/svg>\t\t\t<\/span>\n\t\t\t\t\t\t\t\t\t<span class=\"elementor-button-text\">\u00cencepe acum<\/span>\n\t\t\t\t\t<\/span>\n\t\t\t\t\t<\/a>\n\t\t\t\t\t\t\t\t<\/div>\n\t\t\t\t<\/div>\n\t\t\t\t<div class=\"elementor-element elementor-element-561e386 elementor-widget__width-initial elementor-widget elementor-widget-text-editor\" data-id=\"561e386\" data-element_type=\"widget\" data-e-type=\"widget\" data-widget_type=\"text-editor.default\">\n\t\t\t\t\t\t\t\t\t<h3>Coaching \u00eentr-un cadru de mentorat<\/h3><p>Incorporarea coaching-ului \u00eentr-o structur\u0103 de mentorat ofer\u0103 un avantaj distinct, \u00eembin\u00e2nd dezvoltarea de abilit\u0103\u021bi cu perspective practice din lumea real\u0103. Participan\u021bii beneficiaz\u0103 de \u00eendrumare nu doar din partea unor coachi exper\u021bi, ci \u0219i de la mentori cu experien\u021b\u0103 \u00een domeniile lor. Aceast\u0103 abordare unic\u0103 a coaching-ului de carier\u0103 le permite indivizilor s\u0103 ob\u021bin\u0103 at\u00e2t cuno\u0219tin\u021be strategice, c\u00e2t \u0219i instrumentele practice necesare pentru a avansa cu \u00eencredere.<\/p>\t\t\t\t\t\t\t\t<\/div>\n\t\t<div class=\"elementor-element elementor-element-2f1416d e-con-full e-flex e-con e-child\" data-id=\"2f1416d\" data-element_type=\"container\" data-e-type=\"container\" data-settings=\"{&quot;background_background&quot;:&quot;classic&quot;}\">\n\t\t\t\t<div class=\"elementor-element elementor-element-872d945 elementor-widget elementor-widget-heading\" data-id=\"872d945\" data-element_type=\"widget\" data-e-type=\"widget\" data-widget_type=\"heading.default\">\n\t\t\t\t\t<h2 class=\"elementor-heading-title elementor-size-default\">De ce coaching-ul cu mentorat este mai eficient<\/h2>\t\t\t\t<\/div>\n\t\t\t\t<div class=\"elementor-element elementor-element-e84ba08 elementor-widget elementor-widget-text-editor\" data-id=\"e84ba08\" data-element_type=\"widget\" data-e-type=\"widget\" data-widget_type=\"text-editor.default\">\n\t\t\t\t\t\t\t\t\t<h4>Sfaturi bazate pe experien\u021b\u0103<\/h4><p>Mentorii care au parcurs c\u0103i profesionale similare ofer\u0103 o perspectiv\u0103 relatable pe care coaching-ul pur teoretic nu o poate oferi.<\/p>\t\t\t\t\t\t\t\t<\/div>\n\t\t\t\t<div class=\"elementor-element elementor-element-f0ee3ea elementor-widget elementor-widget-text-editor\" data-id=\"f0ee3ea\" data-element_type=\"widget\" data-e-type=\"widget\" data-widget_type=\"text-editor.default\">\n\t\t\t\t\t\t\t\t\t<h4>Cre\u0219tere comprehensiv\u0103<\/h4><p>Combinarea dezvolt\u0103rii de abilit\u0103\u021bi cu mentoratul specific industriei le permite participan\u021bilor s\u0103 abordeze provoc\u0103rile cu o \u00een\u021belegere mai profund\u0103.<\/p>\t\t\t\t\t\t\t\t<\/div>\n\t\t\t\t<div class=\"elementor-element elementor-element-2a32f2a elementor-widget elementor-widget-text-editor\" data-id=\"2a32f2a\" data-element_type=\"widget\" data-e-type=\"widget\" data-widget_type=\"text-editor.default\">\n\t\t\t\t\t\t\t\t\t<h4>Strategie de carier\u0103 focalizat\u0103<\/h4><p>Echipele formate din coach si mentor colaboreaz\u0103 pentru a ajuta participan\u021bii s\u0103 dezvolte planuri ac\u021bionabile care se aliniaz\u0103 at\u00e2t cu aspira\u021biile personale, c\u00e2t \u0219i cu cele profesionale.<\/p>\t\t\t\t\t\t\t\t<\/div>\n\t\t\t\t<\/div>\n\t\t<div class=\"elementor-element elementor-element-53bb907 e-con-full e-flex e-con e-child\" data-id=\"53bb907\" data-element_type=\"container\" data-e-type=\"container\" data-settings=\"{&quot;background_background&quot;:&quot;classic&quot;}\">\n\t\t\t\t<div class=\"elementor-element elementor-element-0cf83f6 elementor-widget elementor-widget-heading\" data-id=\"0cf83f6\" data-element_type=\"widget\" data-e-type=\"widget\" data-widget_type=\"heading.default\">\n\t\t\t\t\t<h2 class=\"elementor-heading-title elementor-size-default\">Beneficiile principale ale programului de coaching \u00een carier\u0103<\/h2>\t\t\t\t<\/div>\n\t\t\t\t<div class=\"elementor-element elementor-element-7a14453 elementor-widget elementor-widget-text-editor\" data-id=\"7a14453\" data-element_type=\"widget\" data-e-type=\"widget\" data-widget_type=\"text-editor.default\">\n\t\t\t\t\t\t\t\t\t<h4>Oportunit\u0103\u021bi de cre\u0219tere<\/h4><p>Un traseu clar pentru dezvoltare profesional\u0103 prin \u00eendrumare structurat\u0103 \u0219i feedback continuu.<\/p>\t\t\t\t\t\t\t\t<\/div>\n\t\t\t\t<div class=\"elementor-element elementor-element-3e74381 elementor-widget elementor-widget-text-editor\" data-id=\"3e74381\" data-element_type=\"widget\" data-e-type=\"widget\" data-widget_type=\"text-editor.default\">\n\t\t\t\t\t\t\t\t\t<h4>Dezvoltarea abilit\u0103\u021bilor<\/h4><p>Suport \u00een dob\u00e2ndirea \u0219i perfec\u021bionarea abilit\u0103\u021bilor care se aliniaz\u0103 obiectivelor individuale de carier\u0103 \u0219i cerin\u021belor industriei.<\/p>\t\t\t\t\t\t\t\t<\/div>\n\t\t\t\t<div class=\"elementor-element elementor-element-734e0d8 elementor-widget elementor-widget-text-editor\" data-id=\"734e0d8\" data-element_type=\"widget\" data-e-type=\"widget\" data-widget_type=\"text-editor.default\">\n\t\t\t\t\t\t\t\t\t<h4>Planuri de carier\u0103 ac\u021bionabile<\/h4><p>Coaching personalizat care asigur\u0103 fiec\u0103rui participant o strategie pentru avansare profesional\u0103 m\u0103surabil\u0103.<\/p>\t\t\t\t\t\t\t\t<\/div>\n\t\t\t\t<\/div>\n\t\t<div class=\"elementor-element elementor-element-fc0cc00 e-con-full e-flex e-con e-child\" data-id=\"fc0cc00\" data-element_type=\"container\" data-e-type=\"container\" data-settings=\"{&quot;background_background&quot;:&quot;classic&quot;}\">\n\t\t\t\t<div class=\"elementor-element elementor-element-ed2f9fc elementor-widget__width-initial elementor-widget-mobile__width-inherit elementor-widget-tablet__width-initial elementor-widget elementor-widget-heading\" data-id=\"ed2f9fc\" data-element_type=\"widget\" data-e-type=\"widget\" data-widget_type=\"heading.default\">\n\t\t\t\t\t<h2 class=\"elementor-heading-title elementor-size-default\">Exploreaz\u0103 Job Readiness Degree<\/h2>\t\t\t\t<\/div>\n\t\t\t\t<div class=\"elementor-element elementor-element-1b42261 elementor-widget__width-initial elementor-widget elementor-widget-text-editor\" data-id=\"1b42261\" data-element_type=\"widget\" data-e-type=\"widget\" data-widget_type=\"text-editor.default\">\n\t\t\t\t\t\t\t\t\t<p>Prin \u00eenscrierea \u00een programul diploma de preg\u0103tire pentru munc\u0103, vei dezvolta abilit\u0103\u021bi esen\u021biale pentru angajabilitate \u0219i succes, care te preg\u0103tesc s\u0103 avansezi c\u0103tre urm\u0103torul t\u0103u job. Acest program se concentreaz\u0103 pe abilit\u0103\u021bi practice, care \u00ee\u021bi \u00eembun\u0103t\u0103\u021besc cariera, precum comunicarea eficient\u0103, rezolvarea problemelor \u0219i adaptabilitatea \u2013 calit\u0103\u021bi care nu doar te fac remarcat \u00een rolul actual, dar \u00ee\u021bi ofer\u0103 \u0219i \u00eencrederea de a aborda noi provoc\u0103ri \u0219i de a progresa \u00een carier\u0103. Cu diploma de preg\u0103tire pentru munc\u0103, e\u0219ti echipat cu instrumentele \u0219i \u00eencrederea necesare pentru a atinge urm\u0103toarea etap\u0103 a carierei tale.<\/p>\t\t\t\t\t\t\t\t<\/div>\n\t\t\t\t<div class=\"elementor-element elementor-element-4b84197 buton elementor-widget elementor-widget-button\" data-id=\"4b84197\" data-element_type=\"widget\" data-e-type=\"widget\" data-widget_type=\"button.default\">\n\t\t\t\t\t\t\t\t\t\t<a class=\"elementor-button elementor-button-link elementor-size-sm\" href=\"https:\/\/upgrade.education\/ro\/?page_id=68\">\n\t\t\t\t\t\t<span class=\"elementor-button-content-wrapper\">\n\t\t\t\t\t\t<span class=\"elementor-button-icon\">\n\t\t\t\t<svg xmlns=\"http:\/\/www.w3.org\/2000\/svg\" xmlns:xlink=\"http:\/\/www.w3.org\/1999\/xlink\" xmlns:serif=\"http:\/\/www.serif.com\/\" width=\"100%\" height=\"100%\" viewbox=\"0 0 61 61\" xml:space=\"preserve\" style=\"fill-rule:evenodd;clip-rule:evenodd;stroke-linejoin:round;stroke-miterlimit:2;\">    <g transform=\"matrix(1,0,0,1,-720.025,-2223.23)\">        <g transform=\"matrix(1.45625,0,0,7.40038,0,0)\">            <g transform=\"matrix(1,0,0,0.751162,-277.064,74.6109)\">                <g transform=\"matrix(0.686695,0,0,0.179892,346.904,183.659)\">                    <circle cx=\"648.821\" cy=\"680.643\" r=\"30.5\" style=\"fill:rgb(249,231,2);\"><\/circle>                <\/g>                <g transform=\"matrix(1.15985,0,0,0.303843,782.347,304.383)\">                    <path d=\"M11.746,0L10.335,1.418L13.605,4.673L0,4.686L0.002,6.686L13.57,6.673L10.355,9.903L11.772,11.314L17.416,5.644L11.746,0Z\" style=\"fill-rule:nonzero;\"><\/path>                <\/g>            <\/g>        <\/g>    <\/g><\/svg>\t\t\t<\/span>\n\t\t\t\t\t\t\t\t\t<span class=\"elementor-button-text\">Exploreaz\u0103<\/span>\n\t\t\t\t\t<\/span>\n\t\t\t\t\t<\/a>\n\t\t\t\t\t\t\t\t<\/div>\n\t\t\t\t<\/div>\n\t\t\t\t\t<\/div>\n\t\t\t\t<\/div>\n\t\t\t\t<\/div>","protected":false},"excerpt":{"rendered":"<p>Advance with Coaching Career Coaching Program: Your Partner in Professional Growth Our Career Coaching Program is designed for professionals eager to advance their careers and reach new heights. Through ongoing support, we help participants identify growth opportunities, hone essential skills, and establish actionable career plans tailored to their ambitions. Our approach goes beyond typical career [&hellip;]<\/p>\n","protected":false},"author":1,"featured_media":0,"parent":0,"menu_order":0,"comment_status":"closed","ping_status":"closed","template":"","meta":{"_acf_changed":false,"content-type":"","footnotes":""},"class_list":["post-6129","page","type-page","status-publish","hentry"],"acf":[],"_links":{"self":[{"href":"https:\/\/upgrade.education\/ro\/wp-json\/wp\/v2\/pages\/6129","targetHints":{"allow":["GET"]}}],"collection":[{"href":"https:\/\/upgrade.education\/ro\/wp-json\/wp\/v2\/pages"}],"about":[{"href":"https:\/\/upgrade.education\/ro\/wp-json\/wp\/v2\/types\/page"}],"author":[{"embeddable":true,"href":"https:\/\/upgrade.education\/ro\/wp-json\/wp\/v2\/users\/1"}],"replies":[{"embeddable":true,"href":"https:\/\/upgrade.education\/ro\/wp-json\/wp\/v2\/comments?post=6129"}],"version-history":[{"count":3,"href":"https:\/\/upgrade.education\/ro\/wp-json\/wp\/v2\/pages\/6129\/revisions"}],"predecessor-version":[{"id":9459,"href":"https:\/\/upgrade.education\/ro\/wp-json\/wp\/v2\/pages\/6129\/revisions\/9459"}],"wp:attachment":[{"href":"https:\/\/upgrade.education\/ro\/wp-json\/wp\/v2\/media?parent=6129"}],"curies":[{"name":"wp","href":"https:\/\/api.w.org\/{rel}","templated":true}]}}