{"id":6118,"date":"2024-11-03T20:19:29","date_gmt":"2024-11-03T20:19:29","guid":{"rendered":"https:\/\/neoversity.ai\/?page_id=6118"},"modified":"2024-12-19T13:16:54","modified_gmt":"2024-12-19T13:16:54","slug":"find-the-right-internship","status":"publish","type":"page","link":"https:\/\/upgrade.education\/ro\/find-the-right-internship\/","title":{"rendered":"G\u0103se\u0219te stagiu de practic\u0103 potrivit"},"content":{"rendered":"<div data-elementor-type=\"wp-page\" data-elementor-id=\"6118\" class=\"elementor elementor-6118\" data-elementor-post-type=\"page\">\n\t\t\t\t<div class=\"elementor-element elementor-element-c11a25a e-flex e-con-boxed e-con e-parent\" data-id=\"c11a25a\" data-element_type=\"container\" data-e-type=\"container\">\n\t\t\t\t\t<div class=\"e-con-inner\">\n\t\t<div class=\"elementor-element elementor-element-5d9e9b9 e-con-full e-flex e-con e-child\" data-id=\"5d9e9b9\" data-element_type=\"container\" data-e-type=\"container\" data-settings=\"{&quot;background_background&quot;:&quot;classic&quot;}\">\n\t\t\t\t<div class=\"elementor-element elementor-element-1479891 elementor-widget__width-inherit elementor-widget-tablet__width-inherit elementor-widget elementor-widget-heading\" data-id=\"1479891\" data-element_type=\"widget\" data-e-type=\"widget\" data-widget_type=\"heading.default\">\n\t\t\t\t\t<h2 class=\"elementor-heading-title elementor-size-default\">G\u0103se\u0219te stagiu de practic\u0103 potrivit<\/h2>\t\t\t\t<\/div>\n\t\t\t\t<div class=\"elementor-element elementor-element-8056219 elementor-widget__width-initial elementor-widget-tablet__width-inherit elementor-widget elementor-widget-heading\" data-id=\"8056219\" data-element_type=\"widget\" data-e-type=\"widget\" data-widget_type=\"heading.default\">\n\t\t\t\t\t<h2 class=\"elementor-heading-title elementor-size-default\">Program de preg\u0103tire pentru internship: preg\u0103te\u0219te-te pentru prima experien\u021b\u0103 profesional\u0103<\/h2>\t\t\t\t<\/div>\n\t\t\t\t<div class=\"elementor-element elementor-element-37f1654 elementor-widget__width-initial elementor-widget-tablet__width-initial elementor-widget elementor-widget-text-editor\" data-id=\"37f1654\" data-element_type=\"widget\" data-e-type=\"widget\" data-widget_type=\"text-editor.default\">\n\t\t\t\t\t\t\t\t\t<p class=\"p1\">Navigarea pe pia\u021ba muncii poate fi provocatoare. Programul nostru de preg\u0103tire pentru internship este conceput pentru a echipa studen\u021bii cu tot ceea ce au nevoie pentru a ob\u021bine internship-uri competitive, ajut\u00e2ndu-i s\u0103 se disting\u0103 pe o pia\u021b\u0103 a muncii dinamic\u0103.<\/p>\t\t\t\t\t\t\t\t<\/div>\n\t\t\t\t<div class=\"elementor-element elementor-element-33e3863 buton elementor-widget elementor-widget-button\" data-id=\"33e3863\" data-element_type=\"widget\" data-e-type=\"widget\" data-widget_type=\"button.default\">\n\t\t\t\t\t\t\t\t\t\t<a class=\"elementor-button elementor-button-link elementor-size-sm\" href=\"https:\/\/upgrade.education\/ro\/talk-to-a-mentor\/\">\n\t\t\t\t\t\t<span class=\"elementor-button-content-wrapper\">\n\t\t\t\t\t\t<span class=\"elementor-button-icon\">\n\t\t\t\t<svg xmlns=\"http:\/\/www.w3.org\/2000\/svg\" xmlns:xlink=\"http:\/\/www.w3.org\/1999\/xlink\" xmlns:serif=\"http:\/\/www.serif.com\/\" width=\"100%\" height=\"100%\" viewbox=\"0 0 61 61\" xml:space=\"preserve\" style=\"fill-rule:evenodd;clip-rule:evenodd;stroke-linejoin:round;stroke-miterlimit:2;\">    <g transform=\"matrix(1,0,0,1,-621.133,-686.085)\">        <g transform=\"matrix(1.45625,0,0,7.40038,0,0)\">            <g transform=\"matrix(0.686695,0,0,0.135128,1.93121,4.85686)\">                <circle cx=\"648.821\" cy=\"680.643\" r=\"30.5\"><\/circle>            <\/g>            <g transform=\"matrix(1.15985,0,0,0.228236,437.374,95.5398)\">                <path d=\"M11.746,0L10.335,1.418L13.605,4.673L0,4.686L0.002,6.686L13.57,6.673L10.355,9.903L11.772,11.314L17.416,5.644L11.746,0Z\" style=\"fill:rgb(249,231,3);fill-rule:nonzero;\"><\/path>            <\/g>        <\/g>    <\/g><\/svg>\t\t\t<\/span>\n\t\t\t\t\t\t\t\t\t<span class=\"elementor-button-text\">\u00cencepe acum<\/span>\n\t\t\t\t\t<\/span>\n\t\t\t\t\t<\/a>\n\t\t\t\t\t\t\t\t<\/div>\n\t\t\t\t<\/div>\n\t\t\t\t<div class=\"elementor-element elementor-element-e2f98d6 elementor-widget__width-initial elementor-widget elementor-widget-text-editor\" data-id=\"e2f98d6\" data-element_type=\"widget\" data-e-type=\"widget\" data-widget_type=\"text-editor.default\">\n\t\t\t\t\t\t\t\t\t<p>De la ateliere de construc\u021bie a CV-ului la preg\u0103tire orientat\u0103 pentru interviuri, oferim un program complet care ajut\u0103 studen\u021bii s\u0103 se conecteze cu oportunit\u0103\u021bile potrivite \u0219i s\u0103 dob\u00e2ndeasc\u0103 abilit\u0103\u021bi \u0219i perspective ce \u00eei vor ajuta s\u0103 aib\u0103 un impact memorabil.<\/p><p>Acest program nu este doar despre g\u0103sirea unui internship; este despre construirea unui drum spre succesul profesional viitor. Cu \u00eendrumare din partea mentorilor din industrie, studen\u021bii \u00eenva\u021b\u0103 cum s\u0103-\u0219i valorifice abilit\u0103\u021bile, s\u0103 comunice eficient \u0219i s\u0103 dob\u00e2ndeasc\u0103 informa\u021bii valoroase despre pia\u021ba muncii, care le vor fi utile mult dup\u0103 finalizarea internship-ului.<\/p>\t\t\t\t\t\t\t\t<\/div>\n\t\t<div class=\"elementor-element elementor-element-b408fda e-con-full e-flex e-con e-child\" data-id=\"b408fda\" data-element_type=\"container\" data-e-type=\"container\" data-settings=\"{&quot;background_background&quot;:&quot;classic&quot;}\">\n\t\t\t\t<div class=\"elementor-element elementor-element-4bd9963 elementor-widget__width-initial elementor-widget elementor-widget-heading\" data-id=\"4bd9963\" data-element_type=\"widget\" data-e-type=\"widget\" data-widget_type=\"heading.default\">\n\t\t\t\t\t<h2 class=\"elementor-heading-title elementor-size-default\">Caracteristici cheie ale programului de preg\u0103tire pentru internship<\/h2>\t\t\t\t<\/div>\n\t\t<div class=\"elementor-element elementor-element-a1df150 e-con-full e-flex e-con e-child\" data-id=\"a1df150\" data-element_type=\"container\" data-e-type=\"container\">\n\t\t\t\t<div class=\"elementor-element elementor-element-fb5d466 elementor-widget__width-inherit elementor-widget elementor-widget-text-editor\" data-id=\"fb5d466\" data-element_type=\"widget\" data-e-type=\"widget\" data-widget_type=\"text-editor.default\">\n\t\t\t\t\t\t\t\t\t<h4>Informa\u021bii despre pia\u021ba muncii<\/h4><p>Fii cu un pas \u00eenainte \u0219i ob\u021bine sfaturi relevante despre industrie: unde s\u0103 cau\u021bi, la ce s\u0103 te a\u0219tep\u021bi \u0219i cum s\u0103 te remarci \u00een domeniul ales.<\/p>\t\t\t\t\t\t\t\t<\/div>\n\t\t\t\t<div class=\"elementor-element elementor-element-5bf0740 elementor-widget__width-inherit elementor-widget elementor-widget-text-editor\" data-id=\"5bf0740\" data-element_type=\"widget\" data-e-type=\"widget\" data-widget_type=\"text-editor.default\">\n\t\t\t\t\t\t\t\t\t<h4>Preg\u0103tire pentru CV \u0219i interviuri<\/h4><p>Acces la ateliere conduse de exper\u021bi \u0219i interviuri simulate pentru a perfec\u021biona CV-urile \u0219i a c\u00e2\u0219tiga \u00eencredere pentru interviuri competitive.<\/p>\t\t\t\t\t\t\t\t<\/div>\n\t\t\t\t<div class=\"elementor-element elementor-element-4c4bdbd elementor-widget__width-inherit elementor-widget elementor-widget-text-editor\" data-id=\"4c4bdbd\" data-element_type=\"widget\" data-e-type=\"widget\" data-widget_type=\"text-editor.default\">\n\t\t\t\t\t\t\t\t\t<h4>Networking pentru succes<\/h4><p>Dezvolt\u0103 abilit\u0103\u021bile de a te conecta cu angajatori \u0219i de a ob\u021bine internship-uri care se aliniaz\u0103 cu obiectivele tale de carier\u0103.<\/p>\t\t\t\t\t\t\t\t<\/div>\n\t\t\t\t<\/div>\n\t\t\t\t<\/div>\n\t\t<div class=\"elementor-element elementor-element-ef8ea9f e-con-full e-flex e-con e-child\" data-id=\"ef8ea9f\" data-element_type=\"container\" data-e-type=\"container\" data-settings=\"{&quot;background_background&quot;:&quot;classic&quot;}\">\n\t\t\t\t<div class=\"elementor-element elementor-element-d0a37ee elementor-widget elementor-widget-heading\" data-id=\"d0a37ee\" data-element_type=\"widget\" data-e-type=\"widget\" data-widget_type=\"heading.default\">\n\t\t\t\t\t<h2 class=\"elementor-heading-title elementor-size-default\">Dezvoltare practic\u0103 a abilit\u0103\u021bilor: de la clas\u0103 la carier\u0103<\/h2>\t\t\t\t<\/div>\n\t\t\t\t<div class=\"elementor-element elementor-element-7ffd9a8 elementor-widget elementor-widget-text-editor\" data-id=\"7ffd9a8\" data-element_type=\"widget\" data-e-type=\"widget\" data-widget_type=\"text-editor.default\">\n\t\t\t\t\t\t\t\t\t<p>Programul nostru de preg\u0103tire pentru internship pune accent pe transformarea cuno\u0219tin\u021belor academice \u00een abilit\u0103\u021bi practice, subliniind \u00eenv\u0103\u021barea bazat\u0103 pe proiecte care oglindesc scenarii reale. Cu metoda Upgrade Education de \u00eenv\u0103\u021bare prin practic\u0103, studen\u021bii \u00ee\u0219i construiesc un set de competen\u021be pe care le pot aplica imediat \u00een internship-uri. Prin sesiuni de mentorat individual \u0219i studii de caz din lumea real\u0103, studen\u021bii dob\u00e2ndesc practic\u0103 direct\u0103 \u00een comunicare, g\u00e2ndire critic\u0103 \u0219i colaborare. Aceast\u0103 abordare \u00eei preg\u0103te\u0219te cu \u00eencrederea \u0219i abilit\u0103\u021bile necesare pentru a excela \u00een medii profesionale.<\/p>\t\t\t\t\t\t\t\t<\/div>\n\t\t\t\t<\/div>\n\t\t<div class=\"elementor-element elementor-element-841a3a5 e-con-full e-flex e-con e-child\" data-id=\"841a3a5\" data-element_type=\"container\" data-e-type=\"container\" data-settings=\"{&quot;background_background&quot;:&quot;classic&quot;}\">\n\t\t\t\t<div class=\"elementor-element elementor-element-be1c408 elementor-widget elementor-widget-heading\" data-id=\"be1c408\" data-element_type=\"widget\" data-e-type=\"widget\" data-widget_type=\"heading.default\">\n\t\t\t\t\t<h2 class=\"elementor-heading-title elementor-size-default\">Construirea unor re\u021bele profesionale durabile<\/h2>\t\t\t\t<\/div>\n\t\t\t\t<div class=\"elementor-element elementor-element-f4bec79 elementor-widget elementor-widget-text-editor\" data-id=\"f4bec79\" data-element_type=\"widget\" data-e-type=\"widget\" data-widget_type=\"text-editor.default\">\n\t\t\t\t\t\t\t\t\t<p>Networking-ul este o parte esen\u021bial\u0103 a succesului \u00een carier\u0103, iar programul nostru este structurat pentru a conecta studen\u021bii cu mentori, profesioni\u0219ti din industrie \u0219i colegi care \u00eemp\u0103rt\u0103\u0219esc acelea\u0219i obiective. <br \/>Prin evenimente de networking, \u00eent\u00e2lniri virtuale \u0219i o re\u021bea de suport dedicat\u0103, studen\u021bii au oportunit\u0103\u021bi de a crea conexiuni semnificative. \u00cei ajut\u0103m s\u0103 \u00een\u021beleag\u0103 valoarea acestor rela\u021bii \u0219i oferim ghidare pentru a cultiva re\u021bele profesionale ce pot deschide u\u0219i mult timp dup\u0103 finalizarea internship-ului.<\/p>\t\t\t\t\t\t\t\t<\/div>\n\t\t\t\t<\/div>\n\t\t<div class=\"elementor-element elementor-element-a05199d e-con-full e-flex e-con e-child\" data-id=\"a05199d\" data-element_type=\"container\" data-e-type=\"container\" data-settings=\"{&quot;background_background&quot;:&quot;classic&quot;}\">\n\t\t\t\t<div class=\"elementor-element elementor-element-c4d4592 elementor-widget__width-initial elementor-widget-mobile__width-inherit elementor-widget-tablet__width-initial elementor-widget elementor-widget-heading\" data-id=\"c4d4592\" data-element_type=\"widget\" data-e-type=\"widget\" data-widget_type=\"heading.default\">\n\t\t\t\t\t<h2 class=\"elementor-heading-title elementor-size-default\">Exploreaz\u0103 Job Readiness Degree<\/h2>\t\t\t\t<\/div>\n\t\t\t\t<div class=\"elementor-element elementor-element-320b4ea elementor-widget__width-initial elementor-widget elementor-widget-text-editor\" data-id=\"320b4ea\" data-element_type=\"widget\" data-e-type=\"widget\" data-widget_type=\"text-editor.default\">\n\t\t\t\t\t\t\t\t\t<p>Prin \u00eenscrierea la programul Job Readiness Degree, vei dezvolta abilit\u0103\u021bi esen\u021biale concepute special pentru a te ajuta s\u0103 ob\u021bii prima ta experien\u021b\u0103 profesional\u0103. Acest program este conceput pentru a te preg\u0103ti pentru realit\u0103\u021bile pie\u021bei muncii, oferindu-\u021bi \u00eencrederea \u0219i instrumentele necesare pentru a face tranzi\u021bia cu succes c\u0103tre un mediu profesional. Pune bazele succesului \u00een carier\u0103 cu Job Readiness Degree.<\/p>\t\t\t\t\t\t\t\t<\/div>\n\t\t\t\t<div class=\"elementor-element elementor-element-cb6a9c4 buton elementor-widget elementor-widget-button\" data-id=\"cb6a9c4\" data-element_type=\"widget\" data-e-type=\"widget\" data-widget_type=\"button.default\">\n\t\t\t\t\t\t\t\t\t\t<a class=\"elementor-button elementor-button-link elementor-size-sm\" href=\"https:\/\/upgrade.education\/ro\/?page_id=68\">\n\t\t\t\t\t\t<span class=\"elementor-button-content-wrapper\">\n\t\t\t\t\t\t<span class=\"elementor-button-icon\">\n\t\t\t\t<svg xmlns=\"http:\/\/www.w3.org\/2000\/svg\" xmlns:xlink=\"http:\/\/www.w3.org\/1999\/xlink\" xmlns:serif=\"http:\/\/www.serif.com\/\" width=\"100%\" height=\"100%\" viewbox=\"0 0 61 61\" xml:space=\"preserve\" style=\"fill-rule:evenodd;clip-rule:evenodd;stroke-linejoin:round;stroke-miterlimit:2;\">    <g transform=\"matrix(1,0,0,1,-720.025,-2223.23)\">        <g transform=\"matrix(1.45625,0,0,7.40038,0,0)\">            <g transform=\"matrix(1,0,0,0.751162,-277.064,74.6109)\">                <g transform=\"matrix(0.686695,0,0,0.179892,346.904,183.659)\">                    <circle cx=\"648.821\" cy=\"680.643\" r=\"30.5\" style=\"fill:rgb(249,231,2);\"><\/circle>                <\/g>                <g transform=\"matrix(1.15985,0,0,0.303843,782.347,304.383)\">                    <path d=\"M11.746,0L10.335,1.418L13.605,4.673L0,4.686L0.002,6.686L13.57,6.673L10.355,9.903L11.772,11.314L17.416,5.644L11.746,0Z\" style=\"fill-rule:nonzero;\"><\/path>                <\/g>            <\/g>        <\/g>    <\/g><\/svg>\t\t\t<\/span>\n\t\t\t\t\t\t\t\t\t<span class=\"elementor-button-text\">Exploreaz\u0103<\/span>\n\t\t\t\t\t<\/span>\n\t\t\t\t\t<\/a>\n\t\t\t\t\t\t\t\t<\/div>\n\t\t\t\t<\/div>\n\t\t\t\t\t<\/div>\n\t\t\t\t<\/div>\n\t\t\t\t<\/div>","protected":false},"excerpt":{"rendered":"<p>Find the Right Internship Internship Preparation Program: Get Ready for Your First Work Experience Navigating the internship landscape can be challenging. Our Internship Preparation Program is crafted to equip students with everything they need to secure competitive internships, making them stand out in today\u2019s dynamic job market. Get started now From resume-building workshops to targeted [&hellip;]<\/p>\n","protected":false},"author":1,"featured_media":0,"parent":0,"menu_order":0,"comment_status":"closed","ping_status":"closed","template":"","meta":{"_acf_changed":false,"content-type":"","footnotes":""},"class_list":["post-6118","page","type-page","status-publish","hentry"],"acf":[],"_links":{"self":[{"href":"https:\/\/upgrade.education\/ro\/wp-json\/wp\/v2\/pages\/6118","targetHints":{"allow":["GET"]}}],"collection":[{"href":"https:\/\/upgrade.education\/ro\/wp-json\/wp\/v2\/pages"}],"about":[{"href":"https:\/\/upgrade.education\/ro\/wp-json\/wp\/v2\/types\/page"}],"author":[{"embeddable":true,"href":"https:\/\/upgrade.education\/ro\/wp-json\/wp\/v2\/users\/1"}],"replies":[{"embeddable":true,"href":"https:\/\/upgrade.education\/ro\/wp-json\/wp\/v2\/comments?post=6118"}],"version-history":[{"count":3,"href":"https:\/\/upgrade.education\/ro\/wp-json\/wp\/v2\/pages\/6118\/revisions"}],"predecessor-version":[{"id":9456,"href":"https:\/\/upgrade.education\/ro\/wp-json\/wp\/v2\/pages\/6118\/revisions\/9456"}],"wp:attachment":[{"href":"https:\/\/upgrade.education\/ro\/wp-json\/wp\/v2\/media?parent=6118"}],"curies":[{"name":"wp","href":"https:\/\/api.w.org\/{rel}","templated":true}]}}