{"id":6076,"date":"2024-11-03T20:01:56","date_gmt":"2024-11-03T20:01:56","guid":{"rendered":"https:\/\/neoversity.ai\/?page_id=6076"},"modified":"2024-12-19T13:15:47","modified_gmt":"2024-12-19T13:15:47","slug":"boost-academic-performance","status":"publish","type":"page","link":"https:\/\/upgrade.education\/ro\/boost-academic-performance\/","title":{"rendered":"Dezvolt\u0103-\u021bi performan\u021ba academic\u0103"},"content":{"rendered":"<div data-elementor-type=\"wp-page\" data-elementor-id=\"6076\" class=\"elementor elementor-6076\" data-elementor-post-type=\"page\">\n\t\t\t\t<div class=\"elementor-element elementor-element-002f87d e-flex e-con-boxed e-con e-parent\" data-id=\"002f87d\" data-element_type=\"container\" data-e-type=\"container\">\n\t\t\t\t\t<div class=\"e-con-inner\">\n\t\t<div class=\"elementor-element elementor-element-d491262 e-con-full e-flex e-con e-child\" data-id=\"d491262\" data-element_type=\"container\" data-e-type=\"container\" data-settings=\"{&quot;background_background&quot;:&quot;classic&quot;}\">\n\t\t\t\t<div class=\"elementor-element elementor-element-c5d2422 elementor-widget__width-inherit elementor-widget-tablet__width-inherit elementor-widget elementor-widget-heading\" data-id=\"c5d2422\" data-element_type=\"widget\" data-e-type=\"widget\" data-widget_type=\"heading.default\">\n\t\t\t\t\t<h2 class=\"elementor-heading-title elementor-size-default\">\u00cembun\u0103t\u0103\u021be\u0219te performan\u021ba academic\u0103<\/h2>\t\t\t\t<\/div>\n\t\t\t\t<div class=\"elementor-element elementor-element-7986857 elementor-widget__width-initial elementor-widget-tablet__width-inherit elementor-widget elementor-widget-heading\" data-id=\"7986857\" data-element_type=\"widget\" data-e-type=\"widget\" data-widget_type=\"heading.default\">\n\t\t\t\t\t<h2 class=\"elementor-heading-title elementor-size-default\">Programul de suport academic: \u00eembun\u0103t\u0103\u021be\u0219te-\u021bi parcursul educa\u021bional<\/h2>\t\t\t\t<\/div>\n\t\t\t\t<div class=\"elementor-element elementor-element-102c9c0 elementor-widget__width-initial elementor-widget-tablet__width-initial elementor-widget elementor-widget-text-editor\" data-id=\"102c9c0\" data-element_type=\"widget\" data-e-type=\"widget\" data-widget_type=\"text-editor.default\">\n\t\t\t\t\t\t\t\t\t<p class=\"p1\">Programul nostru de sus\u021binere academic\u0103 este conceput pentru a sprijini studen\u021bii \u00een fiecare etap\u0103 a c\u0103l\u0103toriei lor educa\u021bionale, oferind ghidajul \u0219i resursele necesare pentru a excela academic. Prin suport personalizat, ajut\u0103m elevii s\u0103 \u00ee\u0219i men\u021bin\u0103 performan\u021bele ridicate \u0219i s\u0103 \u00ee\u0219i construiasc\u0103 \u00eencrederea pe m\u0103sur\u0103 ce se preg\u0103tesc pentru aplica\u021biile universitare.<\/p>\t\t\t\t\t\t\t\t<\/div>\n\t\t\t\t<div class=\"elementor-element elementor-element-ce93894 buton elementor-widget elementor-widget-button\" data-id=\"ce93894\" data-element_type=\"widget\" data-e-type=\"widget\" data-widget_type=\"button.default\">\n\t\t\t\t\t\t\t\t\t\t<a class=\"elementor-button elementor-button-link elementor-size-sm\" href=\"https:\/\/upgrade.education\/ro\/talk-to-a-mentor\/\">\n\t\t\t\t\t\t<span class=\"elementor-button-content-wrapper\">\n\t\t\t\t\t\t<span class=\"elementor-button-icon\">\n\t\t\t\t<svg xmlns=\"http:\/\/www.w3.org\/2000\/svg\" xmlns:xlink=\"http:\/\/www.w3.org\/1999\/xlink\" xmlns:serif=\"http:\/\/www.serif.com\/\" width=\"100%\" height=\"100%\" viewbox=\"0 0 61 61\" xml:space=\"preserve\" style=\"fill-rule:evenodd;clip-rule:evenodd;stroke-linejoin:round;stroke-miterlimit:2;\">    <g transform=\"matrix(1,0,0,1,-621.133,-686.085)\">        <g transform=\"matrix(1.45625,0,0,7.40038,0,0)\">            <g transform=\"matrix(0.686695,0,0,0.135128,1.93121,4.85686)\">                <circle cx=\"648.821\" cy=\"680.643\" r=\"30.5\"><\/circle>            <\/g>            <g transform=\"matrix(1.15985,0,0,0.228236,437.374,95.5398)\">                <path d=\"M11.746,0L10.335,1.418L13.605,4.673L0,4.686L0.002,6.686L13.57,6.673L10.355,9.903L11.772,11.314L17.416,5.644L11.746,0Z\" style=\"fill:rgb(249,231,3);fill-rule:nonzero;\"><\/path>            <\/g>        <\/g>    <\/g><\/svg>\t\t\t<\/span>\n\t\t\t\t\t\t\t\t\t<span class=\"elementor-button-text\">\u00cencepe acum<\/span>\n\t\t\t\t\t<\/span>\n\t\t\t\t\t<\/a>\n\t\t\t\t\t\t\t\t<\/div>\n\t\t\t\t<\/div>\n\t\t\t\t<div class=\"elementor-element elementor-element-0490627 elementor-widget__width-initial elementor-widget elementor-widget-text-editor\" data-id=\"0490627\" data-element_type=\"widget\" data-e-type=\"widget\" data-widget_type=\"text-editor.default\">\n\t\t\t\t\t\t\t\t\t<p><span style=\"font-weight: 400;\">Mentorii no\u0219tri experimenta\u021bi, mul\u021bi dintre ei absolven\u021bi de universit\u0103\u021bi \u0219i facilitatori, lucreaz\u0103 \u00eendeaproape cu fiecare elev pentru a oferi asisten\u021b\u0103 adaptat\u0103 \u00eentr-o varietate de materii. Fie c\u0103 este vorba despre st\u0103p\u00e2nirea unor concepte dificile, preg\u0103tirea pentru examene sau dezvoltarea unor obiceiuri de studiu eficiente, scopul nostru este de a cultiva rezilien\u021ba \u0219i pasiunea pentru \u00eenv\u0103\u021bare. Cu programul de suport academic de la Upgrade Education, elevii dob\u00e2ndesc siguran\u021ba \u0219i abilit\u0103\u021bile necesare pentru a excela academic \u0219i a avansa cu \u00eencredere \u00een parcursul lor educa\u021bional.<\/span><\/p>\t\t\t\t\t\t\t\t<\/div>\n\t\t<div class=\"elementor-element elementor-element-df2b528 e-con-full e-flex e-con e-child\" data-id=\"df2b528\" data-element_type=\"container\" data-e-type=\"container\" data-settings=\"{&quot;background_background&quot;:&quot;classic&quot;}\">\n\t\t\t\t<div class=\"elementor-element elementor-element-a58a726 elementor-widget__width-initial elementor-widget elementor-widget-heading\" data-id=\"a58a726\" data-element_type=\"widget\" data-e-type=\"widget\" data-widget_type=\"heading.default\">\n\t\t\t\t\t<h2 class=\"elementor-heading-title elementor-size-default\">Beneficiile cheie ale programului nostru de suport academic<\/h2>\t\t\t\t<\/div>\n\t\t<div class=\"elementor-element elementor-element-9803d86 e-con-full e-flex e-con e-child\" data-id=\"9803d86\" data-element_type=\"container\" data-e-type=\"container\">\n\t\t\t\t<div class=\"elementor-element elementor-element-547acbc elementor-widget__width-inherit elementor-widget elementor-widget-text-editor\" data-id=\"547acbc\" data-element_type=\"widget\" data-e-type=\"widget\" data-widget_type=\"text-editor.default\">\n\t\t\t\t\t\t\t\t\t<h4>Suport personalizat<\/h4><p>Planuri individualizate care r\u0103spund nevoilor unice de \u00eenv\u0103\u021bare ale fiec\u0103rui elev, asigur\u00e2nd progres concentrat \u0219i eficient.<\/p>\t\t\t\t\t\t\t\t<\/div>\n\t\t\t\t<div class=\"elementor-element elementor-element-cda9a25 elementor-widget__width-inherit elementor-widget elementor-widget-text-editor\" data-id=\"cda9a25\" data-element_type=\"widget\" data-e-type=\"widget\" data-widget_type=\"text-editor.default\">\n\t\t\t\t\t\t\t\t\t<h4>Expertiz\u0103 \u00een mentorat<\/h4><p>Acces la o re\u021bea de mentori, inclusiv absolven\u021bi de universit\u0103\u021bi \u0219i exper\u021bi \u00een diverse domenii, dedica\u021bi ghid\u0103rii elevilor \u00een fa\u021ba provoc\u0103rilor academice.<\/p>\t\t\t\t\t\t\t\t<\/div>\n\t\t\t\t<div class=\"elementor-element elementor-element-e32dfe9 elementor-widget__width-inherit elementor-widget elementor-widget-text-editor\" data-id=\"e32dfe9\" data-element_type=\"widget\" data-e-type=\"widget\" data-widget_type=\"text-editor.default\">\n\t\t\t\t\t\t\t\t\t<h4>Preg\u0103tire universitar\u0103<\/h4><p>Asisten\u021b\u0103 pentru alinierea punctelor forte academice cu cerin\u021bele universitare, sporind atractivitatea aplica\u021biei.<\/p>\t\t\t\t\t\t\t\t<\/div>\n\t\t\t\t<\/div>\n\t\t\t\t<\/div>\n\t\t<div class=\"elementor-element elementor-element-4b4d0bf e-con-full e-flex e-con e-child\" data-id=\"4b4d0bf\" data-element_type=\"container\" data-e-type=\"container\" data-settings=\"{&quot;background_background&quot;:&quot;classic&quot;}\">\n\t\t\t\t<div class=\"elementor-element elementor-element-d6f8984 elementor-widget elementor-widget-heading\" data-id=\"d6f8984\" data-element_type=\"widget\" data-e-type=\"widget\" data-widget_type=\"heading.default\">\n\t\t\t\t\t<h2 class=\"elementor-heading-title elementor-size-default\">Cadrul educa\u021bional Upgrade Education: dezvoltarea abilit\u0103\u021bilor de via\u021b\u0103<\/h2>\t\t\t\t<\/div>\n\t\t\t\t<div class=\"elementor-element elementor-element-7976f7c elementor-widget elementor-widget-text-editor\" data-id=\"7976f7c\" data-element_type=\"widget\" data-e-type=\"widget\" data-widget_type=\"text-editor.default\">\n\t\t\t\t\t\t\t\t\t<p>Programul nostru de suport academic este aliniat cu metoda de baz\u0103 a Upgrade Education de a promova \u00eenv\u0103\u021barea pe tot parcursul vie\u021bii \u0219i adaptabilitatea. \u00cencuraj\u00e2nd elevii s\u0103 abordeze critic studiile \u0219i s\u0103 dezvolte obiceiuri de \u00eenv\u0103\u021bare eficiente, \u00eei echip\u0103m cu abilit\u0103\u021bi care dep\u0103\u0219esc grani\u021bele clasei. Metoda noastr\u0103 pune accentul pe \u00een\u021belegere \u00een detrimentul memor\u0103rii mecanice, oferindu-le elevilor capacitatea de a aplica cuno\u0219tin\u021bele \u00een contexte reale. Aceast\u0103 abordare \u00eembun\u0103t\u0103\u021be\u0219te performan\u021ba academic\u0103 \u0219i consolideaz\u0103 \u00eencrederea necesar\u0103 pentru a dep\u0103\u0219i provoc\u0103rile viitoare.<\/p>\t\t\t\t\t\t\t\t<\/div>\n\t\t\t\t<\/div>\n\t\t<div class=\"elementor-element elementor-element-61c7d5b e-con-full e-flex e-con e-child\" data-id=\"61c7d5b\" data-element_type=\"container\" data-e-type=\"container\" data-settings=\"{&quot;background_background&quot;:&quot;classic&quot;}\">\n\t\t\t\t<div class=\"elementor-element elementor-element-96e1acb elementor-widget elementor-widget-heading\" data-id=\"96e1acb\" data-element_type=\"widget\" data-e-type=\"widget\" data-widget_type=\"heading.default\">\n\t\t\t\t\t<h2 class=\"elementor-heading-title elementor-size-default\">Construirea \u00eencrederii academice prin feedback constant<\/h2>\t\t\t\t<\/div>\n\t\t\t\t<div class=\"elementor-element elementor-element-5dc7c35 elementor-widget elementor-widget-text-editor\" data-id=\"5dc7c35\" data-element_type=\"widget\" data-e-type=\"widget\" data-widget_type=\"text-editor.default\">\n\t\t\t\t\t\t\t\t\t<p>Credem c\u0103 feedbackul constant \u0219i sprijinul sunt esen\u021biale pentru a ajuta elevii s\u0103 \u00ee\u0219i ating\u0103 poten\u021bialul maxim. Prin evalu\u0103ri regulate \u0219i feedback personalizat, mentorii no\u0219tri ajut\u0103 elevii s\u0103 \u00ee\u0219i identifice punctele forte \u0219i s\u0103 abordeze zonele care necesit\u0103 \u00eembun\u0103t\u0103\u021biri. Acest ghidaj continuu consolideaz\u0103 rezilien\u021ba, \u00eencuraj\u00e2nd elevii s\u0103 dep\u0103\u0219easc\u0103 obstacolele \u0219i s\u0103 abordeze studiile cu un mindset de cre\u0219tere. Programul nostru de suport academic dep\u0103\u0219e\u0219te sfera medita\u021biilor; este despre inspirarea \u00eencrederii \u0219i trezirea pasiunii pentru \u00eenv\u0103\u021barea continu\u0103.<\/p>\t\t\t\t\t\t\t\t<\/div>\n\t\t\t\t<\/div>\n\t\t<div class=\"elementor-element elementor-element-baf634a e-con-full e-flex e-con e-child\" data-id=\"baf634a\" data-element_type=\"container\" data-e-type=\"container\" data-settings=\"{&quot;background_background&quot;:&quot;classic&quot;}\">\n\t\t\t\t<div class=\"elementor-element elementor-element-b7ba7cd elementor-widget__width-initial elementor-widget-mobile__width-inherit elementor-widget-tablet__width-initial elementor-widget elementor-widget-heading\" data-id=\"b7ba7cd\" data-element_type=\"widget\" data-e-type=\"widget\" data-widget_type=\"heading.default\">\n\t\t\t\t\t<h2 class=\"elementor-heading-title elementor-size-default\">Exploreaz\u0103 University Readiness Degree<\/h2>\t\t\t\t<\/div>\n\t\t\t\t<div class=\"elementor-element elementor-element-77a876f elementor-widget__width-initial elementor-widget elementor-widget-text-editor\" data-id=\"77a876f\" data-element_type=\"widget\" data-e-type=\"widget\" data-widget_type=\"text-editor.default\">\n\t\t\t\t\t\t\t\t\t<p>Prin \u00eenscrierea la University Readiness Degree, vei dezvolta aceste abilit\u0103\u021bi academice critice. Echipeaz\u0103-te cu instrumentele necesare pentru a naviga cu \u00eencredere \u00een via\u021ba universitar\u0103 \u0219i pentru a-\u021bi atinge aspira\u021biile educa\u021bionale.<\/p>\t\t\t\t\t\t\t\t<\/div>\n\t\t\t\t<div class=\"elementor-element elementor-element-5674225 buton elementor-widget elementor-widget-button\" data-id=\"5674225\" data-element_type=\"widget\" data-e-type=\"widget\" data-widget_type=\"button.default\">\n\t\t\t\t\t\t\t\t\t\t<a class=\"elementor-button elementor-button-link elementor-size-sm\" href=\"https:\/\/upgrade.education\/ro\/our-programs\/university-readiness-degree\/\">\n\t\t\t\t\t\t<span class=\"elementor-button-content-wrapper\">\n\t\t\t\t\t\t<span class=\"elementor-button-icon\">\n\t\t\t\t<svg xmlns=\"http:\/\/www.w3.org\/2000\/svg\" xmlns:xlink=\"http:\/\/www.w3.org\/1999\/xlink\" xmlns:serif=\"http:\/\/www.serif.com\/\" width=\"100%\" height=\"100%\" viewbox=\"0 0 61 61\" xml:space=\"preserve\" style=\"fill-rule:evenodd;clip-rule:evenodd;stroke-linejoin:round;stroke-miterlimit:2;\">    <g transform=\"matrix(1,0,0,1,-720.025,-2223.23)\">        <g transform=\"matrix(1.45625,0,0,7.40038,0,0)\">            <g transform=\"matrix(1,0,0,0.751162,-277.064,74.6109)\">                <g transform=\"matrix(0.686695,0,0,0.179892,346.904,183.659)\">                    <circle cx=\"648.821\" cy=\"680.643\" r=\"30.5\" style=\"fill:rgb(249,231,2);\"><\/circle>                <\/g>                <g transform=\"matrix(1.15985,0,0,0.303843,782.347,304.383)\">                    <path d=\"M11.746,0L10.335,1.418L13.605,4.673L0,4.686L0.002,6.686L13.57,6.673L10.355,9.903L11.772,11.314L17.416,5.644L11.746,0Z\" style=\"fill-rule:nonzero;\"><\/path>                <\/g>            <\/g>        <\/g>    <\/g><\/svg>\t\t\t<\/span>\n\t\t\t\t\t\t\t\t\t<span class=\"elementor-button-text\">Exploreaz\u0103<\/span>\n\t\t\t\t\t<\/span>\n\t\t\t\t\t<\/a>\n\t\t\t\t\t\t\t\t<\/div>\n\t\t\t\t<\/div>\n\t\t\t\t\t<\/div>\n\t\t\t\t<\/div>\n\t\t\t\t<\/div>","protected":false},"excerpt":{"rendered":"<p>Boost Academic Performance Academic Support Program: Enhance Your Academic Journey Our Academic Support Program is designed to empower students at every stage of their educational journey, providing the guidance and resources necessary to excel academically. Through personalized support, we help students maintain high performance and build confidence as they prepare for university applications. Get started [&hellip;]<\/p>\n","protected":false},"author":1,"featured_media":0,"parent":0,"menu_order":0,"comment_status":"closed","ping_status":"closed","template":"","meta":{"_acf_changed":false,"content-type":"","footnotes":""},"class_list":["post-6076","page","type-page","status-publish","hentry"],"acf":[],"_links":{"self":[{"href":"https:\/\/upgrade.education\/ro\/wp-json\/wp\/v2\/pages\/6076","targetHints":{"allow":["GET"]}}],"collection":[{"href":"https:\/\/upgrade.education\/ro\/wp-json\/wp\/v2\/pages"}],"about":[{"href":"https:\/\/upgrade.education\/ro\/wp-json\/wp\/v2\/types\/page"}],"author":[{"embeddable":true,"href":"https:\/\/upgrade.education\/ro\/wp-json\/wp\/v2\/users\/1"}],"replies":[{"embeddable":true,"href":"https:\/\/upgrade.education\/ro\/wp-json\/wp\/v2\/comments?post=6076"}],"version-history":[{"count":3,"href":"https:\/\/upgrade.education\/ro\/wp-json\/wp\/v2\/pages\/6076\/revisions"}],"predecessor-version":[{"id":9453,"href":"https:\/\/upgrade.education\/ro\/wp-json\/wp\/v2\/pages\/6076\/revisions\/9453"}],"wp:attachment":[{"href":"https:\/\/upgrade.education\/ro\/wp-json\/wp\/v2\/media?parent=6076"}],"curies":[{"name":"wp","href":"https:\/\/api.w.org\/{rel}","templated":true}]}}