{"id":57,"date":"2024-09-28T12:52:10","date_gmt":"2024-09-28T12:52:10","guid":{"rendered":"https:\/\/neoversity.ai\/?page_id=57"},"modified":"2024-12-18T06:02:27","modified_gmt":"2024-12-18T06:02:27","slug":"our-story","status":"publish","type":"page","link":"https:\/\/upgrade.education\/ro\/our-story\/","title":{"rendered":"Povestea noastr\u0103"},"content":{"rendered":"<div data-elementor-type=\"wp-page\" data-elementor-id=\"57\" class=\"elementor elementor-57\" data-elementor-post-type=\"page\">\n\t\t\t\t<div class=\"elementor-element elementor-element-af7cc61 e-flex e-con-boxed e-con e-parent\" data-id=\"af7cc61\" data-element_type=\"container\" data-e-type=\"container\">\n\t\t\t\t\t<div class=\"e-con-inner\">\n\t\t<div class=\"elementor-element elementor-element-a93efbe e-con-full e-flex e-con e-child\" data-id=\"a93efbe\" data-element_type=\"container\" data-e-type=\"container\" data-settings=\"{&quot;background_background&quot;:&quot;classic&quot;}\">\n\t\t\t\t<div class=\"elementor-element elementor-element-2b09ae5 elementor-widget__width-initial elementor-widget-tablet__width-inherit elementor-widget elementor-widget-heading\" data-id=\"2b09ae5\" data-element_type=\"widget\" data-e-type=\"widget\" data-widget_type=\"heading.default\">\n\t\t\t\t\t<h2 class=\"elementor-heading-title elementor-size-default\">Transformarea unui vis personal \u00eentr-o misiune colectiv\u0103<\/h2>\t\t\t\t<\/div>\n\t\t\t\t<div class=\"elementor-element elementor-element-1f1aad3 elementor-widget__width-initial elementor-widget-tablet__width-initial elementor-widget elementor-widget-text-editor\" data-id=\"1f1aad3\" data-element_type=\"widget\" data-e-type=\"widget\" data-widget_type=\"text-editor.default\">\n\t\t\t\t\t\t\t\t\t<p class=\"p1\">\u00cenceputul Upgrade Education este o poveste despre curajul de a \u00eentoarce privirea spre cas\u0103 \u0219i de a transforma un vis personal \u00een misiune colectiv\u0103. Tinu Bos\u00eenceanu, fondatorul nostru, a \u00eenceput aceast\u0103 c\u0103l\u0103torie \u00een urm\u0103 cu c\u00e2\u021biva ani, dup\u0103 ce a petrecut aproape \u0219apte ani \u00een Statele Unite, unde a \u0219i absolvit Harvard.<\/p>\t\t\t\t\t\t\t\t<\/div>\n\t\t\t\t<\/div>\n\t\t\t\t\t<\/div>\n\t\t\t\t<\/div>\n\t\t<div class=\"elementor-element elementor-element-b9bad85 e-flex e-con-boxed e-con e-parent\" data-id=\"b9bad85\" data-element_type=\"container\" data-e-type=\"container\">\n\t\t\t\t\t<div class=\"e-con-inner\">\n\t\t<div class=\"elementor-element elementor-element-c1c0ff6 e-con-full e-flex e-con e-child\" data-id=\"c1c0ff6\" data-element_type=\"container\" data-e-type=\"container\" data-settings=\"{&quot;background_background&quot;:&quot;classic&quot;}\">\n\t\t\t\t<div class=\"elementor-element elementor-element-57b4ea2 elementor-widget__width-inherit elementor-widget elementor-widget-heading\" data-id=\"57b4ea2\" data-element_type=\"widget\" data-e-type=\"widget\" data-widget_type=\"heading.default\">\n\t\t\t\t\t<h2 class=\"elementor-heading-title elementor-size-default\">Prima lui zi \u00eenapoi \u00een Rom\u00e2nia, \u00een 2017, a fost un moment definitoriu.<\/h2>\t\t\t\t<\/div>\n\t\t\t\t<div class=\"elementor-element elementor-element-e58c471 elementor-widget elementor-widget-text-editor\" data-id=\"e58c471\" data-element_type=\"widget\" data-e-type=\"widget\" data-widget_type=\"text-editor.default\">\n\t\t\t\t\t\t\t\t\t<p>Tinu st\u0103tea \u00eentr-un apartament pe strada Speran\u021bei, o strad\u0103 care, la fel ca aceast\u0103 poveste, era plin\u0103 de posibilit\u0103\u021bi. Cu g\u00e2ndul la viitor, a discutat toat\u0103 noaptea cu un vechi prieten despre via\u021b\u0103, alegeri \u0219i incertitudinile prezentului. \u00cen acea noapte, a luat o decizie care avea s\u0103 schimbe direc\u021bia vie\u021bii sale: s\u0103 aduc\u0103 metodele inovatoare de \u00eenv\u0103\u021bare, deprinse la Harvard, \u00eenapoi \u00een Rom\u00e2nia, pentru a modela viitorul tinerilor din \u021bara sa natal\u0103.<\/p><p>Astfel s-a n\u0103scut Upgrade Academy. Dar cum orice poveste de succes implic\u0103 provoc\u0103ri, \u00eenceputul nu a fost u\u0219or. \u00centoarcerea \u00een Rom\u00e2nia a fost privit\u0103 ca un pas \u00eenapoi de mul\u021bi, iar ideea de a schimba sistemul educa\u021bional local a fost \u00eent\u00e2mpinat\u0103 cu scepticism. Tinu s-a confruntat cu refuzuri din partea investitorilor \u0219i cu \u00eentreb\u0103ri din partea cunoscu\u021bilor: \u201eCum s\u0103 la\u0219i America pentru Rom\u00e2nia?\u201d \u00cens\u0103, \u00een fa\u021ba acestor obstacole, el a continuat s\u0103 persevereze. F\u0103r\u0103 a avea de pierdut, a mers din clas\u0103 \u00een clas\u0103 la liceul Tudor Vianu, \u00eencerc\u00e2nd s\u0103 conving\u0103 elevii c\u0103 exist\u0103 un alt mod de a \u00eenv\u0103\u021ba, un alt mod de a-\u0219i construi viitorul.<\/p>\t\t\t\t\t\t\t\t<\/div>\n\t\t\t\t<\/div>\n\t\t<div class=\"elementor-element elementor-element-54da510 e-con-full e-flex e-con e-child\" data-id=\"54da510\" data-element_type=\"container\" data-e-type=\"container\" data-settings=\"{&quot;background_background&quot;:&quot;classic&quot;}\">\n\t\t\t\t<div class=\"elementor-element elementor-element-5381300 elementor-widget elementor-widget-heading\" data-id=\"5381300\" data-element_type=\"widget\" data-e-type=\"widget\" data-widget_type=\"heading.default\">\n\t\t\t\t\t<h2 class=\"elementor-heading-title elementor-size-default\">Dup\u0103 multe \u00eencerc\u0103ri \u0219i momente de cump\u0103n\u0103, visul lui Tinu a \u00eenceput s\u0103 prind\u0103 contur.<\/h2>\t\t\t\t<\/div>\n\t\t\t\t<div class=\"elementor-element elementor-element-b14dc63 elementor-widget elementor-widget-text-editor\" data-id=\"b14dc63\" data-element_type=\"widget\" data-e-type=\"widget\" data-widget_type=\"text-editor.default\">\n\t\t\t\t\t\t\t\t\t<p>\u00cen 2022, Upgrade Academy a evoluat \u00een Upgrade Education, extinz\u00e2ndu-se nu doar \u00een sfera mentoratului pentru admiterea la universit\u0103\u021bi de top, dar \u0219i \u00een organizarea de cursuri academice bazate pe pedagogie alternativ\u0103. Tinerii care au participat la aceste cursuri au m\u0103rturisit c\u0103 au experimentat o educa\u021bie care dep\u0103\u0219e\u0219te cu mult normele cu care erau obi\u0219nui\u021bi \u00een Rom\u00e2nia.<\/p>\t\t\t\t\t\t\t\t<\/div>\n\t\t\t\t<\/div>\n\t\t<div class=\"elementor-element elementor-element-64df320 e-con-full e-flex e-con e-child\" data-id=\"64df320\" data-element_type=\"container\" data-e-type=\"container\" data-settings=\"{&quot;background_background&quot;:&quot;classic&quot;}\">\n\t\t\t\t<div class=\"elementor-element elementor-element-a1bd46c elementor-widget elementor-widget-heading\" data-id=\"a1bd46c\" data-element_type=\"widget\" data-e-type=\"widget\" data-widget_type=\"heading.default\">\n\t\t\t\t\t<h2 class=\"elementor-heading-title elementor-size-default\">P\u00e2n\u0103 \u00een 2024, Upgrade Education a crescut, a \u00eenv\u0103\u021bat \u0219i s-a transformat din nou, devenind o academie a viitorului, axat\u0103 pe a oferi fiec\u0103rui elev oportunitatea de a-\u0219i atinge poten\u021bialul maxim, nu doar prin preg\u0103tirea academic\u0103, ci printr-o abordare holistic\u0103 a educa\u021biei. Upgrade Education este acum o comunitate vibrant\u0103 de mentori \u2013 tineri absolven\u021bi ai universit\u0103\u021bilor de top din lume \u2013 care \u00eemp\u0103rt\u0103\u0219esc aceea\u0219i misiune: de a crea o educa\u021bie care s\u0103 fie cu adev\u0103rat centrat\u0103 pe elev, pe pasiunile, nevoile \u0219i visurile sale.<\/h2>\t\t\t\t<\/div>\n\t\t\t\t<div class=\"elementor-element elementor-element-d90127e elementor-widget elementor-widget-text-editor\" data-id=\"d90127e\" data-element_type=\"widget\" data-e-type=\"widget\" data-widget_type=\"text-editor.default\">\n\t\t\t\t\t\t\t\t\t<p>Pe m\u0103sur\u0103 ce am ghidat studen\u021bii c\u0103tre universit\u0103\u021bile de top, am realizat c\u0103 succesul academic de unul singur nu era suficient pentru realiz\u0103rile lor de-a lungul vie\u021bii. Aveau nevoie de abilit\u0103\u021bi durabile \u0219i adaptabile, care s\u0103-i diferen\u021bieze \u00eentr-o lume \u00een continu\u0103 schimbare. Acest lucru ne-a determinat s\u0103 ne concentr\u0103m pe construirea unui framework de meta-abilit\u0103\u021bi \u0219i abilit\u0103\u021bi soft, cunoscut sub numele de HUMAN Framework, care pune accentul pe \u00eenv\u0103\u021bare euristic\u0103, comunicare \u00een\u021beleg\u0103toare, mentorat \u00een rezolvarea problemelor, agilitate \u00een colaborare \u0219i navigarea schimb\u0103rii. Prin HUMAN, ne propunem s\u0103 echip\u0103m studen\u021bii cu abilit\u0103\u021bile esen\u021biale nu doar pentru universitate, ci \u0219i pentru a prospera \u00een via\u021b\u0103 \u0219i \u00een leadership.<\/p>\t\t\t\t\t\t\t\t<\/div>\n\t\t\t\t<\/div>\n\t\t<div class=\"elementor-element elementor-element-3dbdb46 e-con-full e-flex e-con e-child\" data-id=\"3dbdb46\" data-element_type=\"container\" data-e-type=\"container\" data-settings=\"{&quot;background_background&quot;:&quot;classic&quot;}\">\n\t\t\t\t<div class=\"elementor-element elementor-element-e9432ac elementor-widget__width-inherit elementor-widget elementor-widget-heading\" data-id=\"e9432ac\" data-element_type=\"widget\" data-e-type=\"widget\" data-widget_type=\"heading.default\">\n\t\t\t\t\t<h2 class=\"elementor-heading-title elementor-size-default\">Rezultatele vorbesc de la sine<\/h2>\t\t\t\t<\/div>\n\t\t\t\t<div class=\"elementor-element elementor-element-0dfd0ae elementor-widget__width-inherit elementor-hidden-mobile elementor-widget elementor-widget-jet-horizontal-timeline\" data-id=\"0dfd0ae\" data-element_type=\"widget\" data-e-type=\"widget\" data-settings=\"{&quot;columns&quot;:2,&quot;columns_tablet&quot;:2,&quot;columns_mobile&quot;:1}\" data-widget_type=\"jet-horizontal-timeline.default\">\n\t\t\t\t<div class=\"elementor-widget-container\">\n\t\t\t\t\t<div class=\"elementor-jet-horizontal-timeline jet-elements\">\n<div class=\"jet-hor-timeline jet-hor-timeline--layout-bottom jet-hor-timeline--align-left jet-hor-timeline--scroll-bar\">\n\t<div class=\"jet-hor-timeline-inner\">\n\t\t<div class=\"jet-hor-timeline-track\">\n\t\t\t<div class=\"jet-hor-timeline-list jet-hor-timeline-list--top\">\n<div class=\"jet-hor-timeline-item elementor-repeater-item-8ace670 is-active\" data-item-id=\"8ace670\">\n\t\t\t\t<\/div>\n\n<div class=\"jet-hor-timeline-item elementor-repeater-item-30b54ab\" data-item-id=\"30b54ab\">\n\t\t\t\t<\/div>\n<\/div>\t\t\t<div class=\"jet-hor-timeline-list jet-hor-timeline-list--middle\">\n\t<div class=\"jet-hor-timeline__line\"><\/div>\n\n<div class=\"jet-hor-timeline-item elementor-repeater-item-8ace670 is-active\" data-item-id=\"8ace670\">\n\t<div class=\"jet-hor-timeline-item__point\"><div class=\"jet-hor-timeline-item__point-content\"><span class=\"jet-elements-icon\"><svg xmlns=\"http:\/\/www.w3.org\/2000\/svg\" xmlns:xlink=\"http:\/\/www.w3.org\/1999\/xlink\" xmlns:serif=\"http:\/\/www.serif.com\/\" width=\"100%\" height=\"100%\" viewbox=\"0 0 16 18\" xml:space=\"preserve\" style=\"fill-rule:evenodd;clip-rule:evenodd;stroke-linejoin:round;stroke-miterlimit:2;\">    <g transform=\"matrix(1,0,0,1,-48563.4,-28491.8)\">        <g transform=\"matrix(1,0,0,1,47928.4,26835.8)\">            <g transform=\"matrix(1,0,0,1,635,1656)\">                <path d=\"M0,18L2,18L2,8L8,8L8,10L16,10L16,2L9,2L9,0L0,0L0,18ZM8,2L2,2L2,6L9,6L9,8L14,8L14,4L8,4L8,2Z\" style=\"fill:rgb(249,231,3);\"><\/path>            <\/g>        <\/g>    <\/g><\/svg><\/span><\/div><\/div><\/div>\n\n<div class=\"jet-hor-timeline-item elementor-repeater-item-30b54ab\" data-item-id=\"30b54ab\">\n\t<div class=\"jet-hor-timeline-item__point\"><div class=\"jet-hor-timeline-item__point-content\"><span class=\"jet-elements-icon\"><svg xmlns=\"http:\/\/www.w3.org\/2000\/svg\" xmlns:xlink=\"http:\/\/www.w3.org\/1999\/xlink\" xmlns:serif=\"http:\/\/www.serif.com\/\" width=\"100%\" height=\"100%\" viewbox=\"0 0 19 22\" xml:space=\"preserve\" style=\"fill-rule:evenodd;clip-rule:evenodd;stroke-linejoin:round;stroke-miterlimit:2;\">    <g transform=\"matrix(1,0,0,1,-48724.4,-29389.8)\">        <g transform=\"matrix(1,0,0,1,47928.4,26835.8)\">            <g transform=\"matrix(1,0,0,1,796,2564.54)\">                <path d=\"M2.794,4.974C-0.806,1.547 -0.946,-4.15 2.482,-7.75C5.909,-11.35 11.606,-11.49 15.206,-8.063C18.806,-4.635 18.946,1.062 15.518,4.662L9.312,11.18L2.794,4.974ZM14.07,3.283C16.736,0.483 16.627,-3.948 13.827,-6.614C11.027,-9.28 6.596,-9.171 3.93,-6.371C1.265,-3.571 1.373,0.86 4.173,3.525L9.243,8.352L14.07,3.283ZM13.272,-1.272C13.272,0.937 11.481,2.728 9.272,2.728C7.063,2.728 5.272,0.937 5.272,-1.272C5.272,-3.481 7.063,-5.272 9.272,-5.272C11.481,-5.272 13.272,-3.481 13.272,-1.272ZM11.272,-1.272C11.272,-2.377 10.377,-3.272 9.272,-3.272C8.168,-3.272 7.272,-2.377 7.272,-1.272C7.272,-0.168 8.168,0.728 9.272,0.728C10.377,0.728 11.272,-0.168 11.272,-1.272Z\" style=\"fill:rgb(249,231,3);\"><\/path>            <\/g>        <\/g>    <\/g><\/svg><\/span><\/div><\/div><\/div>\n<\/div>\t\t\t<div class=\"jet-hor-timeline-list jet-hor-timeline-list--bottom\">\n<div class=\"jet-hor-timeline-item elementor-repeater-item-8ace670 is-active\" data-item-id=\"8ace670\">\n\t\t\t\n<div class=\"jet-hor-timeline-item__card\">\n\t<div class=\"jet-hor-timeline-item__card-inner\">\n\t\t<h5 class=\"jet-hor-timeline-item__card-title\">2017<\/h5><div class=\"jet-hor-timeline-item__card-desc\">Studen\u021bi: 26 <br>\nOferte: 64<\/div>\t<\/div>\n\t\t\t<div class=\"jet-hor-timeline-item__card-arrow\"><\/div>\n\t<\/div>\n\t<\/div>\n\n<div class=\"jet-hor-timeline-item elementor-repeater-item-30b54ab\" data-item-id=\"30b54ab\">\n\t\t\t\n<div class=\"jet-hor-timeline-item__card\">\n\t<div class=\"jet-hor-timeline-item__card-inner\">\n\t\t<h5 class=\"jet-hor-timeline-item__card-title\">Prezent<\/h5><div class=\"jet-hor-timeline-item__card-desc\">Studen\u021bi: 1500+ <br>\nOferte: 5000+<\/div>\t<\/div>\n\t\t\t<div class=\"jet-hor-timeline-item__card-arrow\"><\/div>\n\t<\/div>\n\t<\/div>\n<\/div>\t\t<\/div>\n\t<\/div>\n\t<\/div><\/div>\t\t\t\t<\/div>\n\t\t\t\t<\/div>\n\t\t\t\t<div class=\"elementor-element elementor-element-9213e40 elementor-widget__width-inherit elementor-hidden-mobile elementor-widget elementor-widget-jet-table\" data-id=\"9213e40\" data-element_type=\"widget\" data-e-type=\"widget\" data-widget_type=\"jet-table.default\">\n\t\t\t\t<div class=\"elementor-widget-container\">\n\t\t\t\t\t<div class=\"elementor-jet-table jet-elements\">\n\t\t<div class=\"jet-table-wrapper jet-table-responsive-mobile\">\n\t\t\t<table class=\"jet-table jet-table--fa5-compat\">\n\t\t\t\t<thead class=\"jet-table__head\"><tr class=\"jet-table__head-row\"><th class=\"jet-table__cell elementor-repeater-item-a4111e0 jet-table__head-cell\" scope=\"col\"><div class=\"jet-table__cell-inner\"><div class=\"jet-table__cell-content\"><div class=\"jet-table__cell-text\">Total  Studen\u021bi<\/div><\/div><\/div><\/th><th class=\"jet-table__cell elementor-repeater-item-6eb6525 jet-table__head-cell\" scope=\"col\"><div class=\"jet-table__cell-inner\"><div class=\"jet-table__cell-content\"><div class=\"jet-table__cell-text\">Num\u0103r de oferte per student<\/div><\/div><\/div><\/th><th class=\"jet-table__cell elementor-repeater-item-56ddd93 jet-table__head-cell\" scope=\"col\"><div class=\"jet-table__cell-inner\"><div class=\"jet-table__cell-content\"><div class=\"jet-table__cell-text\">Total oferte<\/div><\/div><\/div><\/th><\/tr><\/thead>\n\t\t\t\t\t\t\t\t<tbody class=\"jet-table__body\"><tr class=\"jet-table__body-row elementor-repeater-item-d78da7d\"><td class=\"jet-table__cell elementor-repeater-item-c495d48 jet-table__body-cell\"><div class=\"jet-table__cell-inner\"><div class=\"jet-table__cell-content\"><div class=\"jet-table__cell-text\">1500+<\/div><\/div><\/div><\/td><td class=\"jet-table__cell elementor-repeater-item-3634204 jet-table__body-cell\"><div class=\"jet-table__cell-inner\"><div class=\"jet-table__cell-content\"><div class=\"jet-table__cell-text\">3+<\/div><\/div><\/div><\/td><td class=\"jet-table__cell elementor-repeater-item-82781ee jet-table__body-cell\"><div class=\"jet-table__cell-inner\"><div class=\"jet-table__cell-content\"><div class=\"jet-table__cell-text\">5000+<\/div><\/div><\/div><\/td><\/tr><\/tbody>\n\t\t\t<\/table>\n\t\t<\/div>\n\n\t\t<\/div>\t\t\t\t<\/div>\n\t\t\t\t<\/div>\n\t\t\t\t<div class=\"elementor-element elementor-element-45cf363 elementor-widget__width-initial elementor-widget-tablet__width-inherit elementor-widget elementor-widget-text-editor\" data-id=\"45cf363\" data-element_type=\"widget\" data-e-type=\"widget\" data-widget_type=\"text-editor.default\">\n\t\t\t\t\t\t\t\t\t<p>Aceasta nu este doar o statistic\u0103. Este dovada c\u0103 mentoratul \u0219i educa\u021bia personalizat\u0103 func\u021bioneaz\u0103 atunci c\u00e2nd sunt realizate cu pasiune \u0219i dedica\u021bie.<\/p>\n<p><span style=\"color: var( --e-global-color-text ); font-family: var( --e-global-typography-text-font-family ), Sans-serif; font-size: var( --e-global-typography-text-font-size ); font-weight: var( --e-global-typography-text-font-weight ); background-color: var( --e-global-color-accent ); text-align: var(--text-align);\"><b>Upgrade Education<\/b><\/span>&nbsp;nu este doar despre preg\u0103tirea pentru admitere, ci despre a \u00eemputernici tinerii s\u0103 devin\u0103 liderii propriului lor destin. Tocmai de aceea, continu\u0103m s\u0103 inov\u0103m \u0219i s\u0103 cre\u0103m programe care s\u0103 r\u0103spund\u0103 nevoilor tinerilor din zilele noastre, \u00eenv\u0103\u021b\u00e2ndu-i s\u0103-\u0219i descopere \u0219i s\u0103-\u0219i cultive pasiunile \u00eentr-un mod constructiv \u0219i autentic. Iar ceea ce ne une\u0219te cu adev\u0103rat nu este doar echipa de mentori extraordinari, ci comunitatea de elevi cu care lucr\u0103m, elevi care ne inspir\u0103 zilnic s\u0103 devenim mai buni \u0219i s\u0103 ne ridic\u0103m mereu la \u00een\u0103l\u021bimea misiunii noastre.<\/p>\t\t\t\t\t\t\t\t<\/div>\n\t\t\t\t<div class=\"elementor-element elementor-element-95f82ec elementor-widget__width-initial elementor-widget-tablet__width-inherit elementor-widget elementor-widget-heading\" data-id=\"95f82ec\" data-element_type=\"widget\" data-e-type=\"widget\" data-widget_type=\"heading.default\">\n\t\t\t\t\t<h2 class=\"elementor-heading-title elementor-size-default\">Aceasta este povestea noastr\u0103, povestea Upgrade Education. Un vis care a \u00eenceput pe strada Speran\u021bei, dar care continu\u0103 s\u0103 creasc\u0103, s\u0103 se transforme \u0219i s\u0103 inspire genera\u021bii \u00eentregi de elevi rom\u00e2ni spre un viitor mai luminos.<\/h2>\t\t\t\t<\/div>\n\t\t\t\t<\/div>\n\t\t\t\t\t<\/div>\n\t\t\t\t<\/div>\n\t\t\t\t<\/div>","protected":false},"excerpt":{"rendered":"<p>Transforming a personal dream into a collective mission The beginning of Upgrade Education is a story about the courage to look back home and transform a personal dream into a collective mission. Our founder, Tinu Bos\u00eenceanu, embarked on this journey a few years ago, after spending almost seven years in the United States, where he [&hellip;]<\/p>\n","protected":false},"author":1,"featured_media":0,"parent":0,"menu_order":0,"comment_status":"closed","ping_status":"closed","template":"","meta":{"_acf_changed":false,"content-type":"","footnotes":""},"class_list":["post-57","page","type-page","status-publish","hentry"],"acf":[],"_links":{"self":[{"href":"https:\/\/upgrade.education\/ro\/wp-json\/wp\/v2\/pages\/57","targetHints":{"allow":["GET"]}}],"collection":[{"href":"https:\/\/upgrade.education\/ro\/wp-json\/wp\/v2\/pages"}],"about":[{"href":"https:\/\/upgrade.education\/ro\/wp-json\/wp\/v2\/types\/page"}],"author":[{"embeddable":true,"href":"https:\/\/upgrade.education\/ro\/wp-json\/wp\/v2\/users\/1"}],"replies":[{"embeddable":true,"href":"https:\/\/upgrade.education\/ro\/wp-json\/wp\/v2\/comments?post=57"}],"version-history":[{"count":3,"href":"https:\/\/upgrade.education\/ro\/wp-json\/wp\/v2\/pages\/57\/revisions"}],"predecessor-version":[{"id":9272,"href":"https:\/\/upgrade.education\/ro\/wp-json\/wp\/v2\/pages\/57\/revisions\/9272"}],"wp:attachment":[{"href":"https:\/\/upgrade.education\/ro\/wp-json\/wp\/v2\/media?parent=57"}],"curies":[{"name":"wp","href":"https:\/\/api.w.org\/{rel}","templated":true}]}}